{"id":777,"date":"2025-12-26T10:35:01","date_gmt":"2025-12-26T10:35:01","guid":{"rendered":"https:\/\/www.martin-hausboot.de\/?page_id=777"},"modified":"2025-12-26T10:35:01","modified_gmt":"2025-12-26T10:35:01","slug":"newsletter-dezember-2025","status":"publish","type":"page","link":"https:\/\/www.martin-hausboot.de\/?page_id=777","title":{"rendered":"Newsletter Dezember 2025"},"content":{"rendered":"\n<h1 class=\"wp-block-heading\">Inhalt<\/h1>\n\n\n\n<h2 class=\"wp-block-heading\">Neujahrsgr\u00fc\u00dfe<\/h2>\n\n\n\n<h2 class=\"wp-block-heading\">Segeln in Griechenland \u2013 \u00c4g\u00e4ische Inseln 2026<\/h2>\n\n\n\n<h2 class=\"wp-block-heading\">Segeln und Safari auf Sansibar Januar-M\u00e4rz 2027<\/h2>\n\n\n\n<h2 class=\"wp-block-heading\">Hausboot VLINDER 2027<\/h2>\n\n\n\n<h1 class=\"wp-block-heading\">Neujahrsgr\u00fc\u00dfe<\/h1>\n\n\n\n<p>Das Jahr neigt sich so langsam dem Ende und dazu w\u00fcnsche ich Dir eine sch\u00f6ne noch verbleibende Adventszeit und hoffe Du hattest ein besinnliches und frohes Weihnachtsfest.<br>F\u00fcr das kommende neue Jahr2026 w\u00fcnsche ich Dir einen super tollen Rutsch und vor allem Gesundheit \u2013 lass es krachen!.<\/p>\n\n\n\n<p>Mit einigen von Euch gibt es ja gleich zum Jahresbeginn ein Wiedersehen auf den drei Pazifik-Segelt\u00f6rns in French Polynesien.<\/p>\n\n\n\n<p>Und f\u00fcr alle anderen habe ich sozusagen ein kleines Weihnachtsgeschenk in Form von neunen Mitsegelangeboten in Griechenland und auf Sansibar.<\/p>\n\n\n\n<h1 class=\"wp-block-heading\">Segeln in Griechenland \u2013 \u00c4g\u00e4ische Inseln 2026<\/h1>\n\n\n\n<p>Vom 12.9. bis 17.10.2026 Segeln wir von Athen durch die Inselwelt der \u00c4g\u00e4is bis zur Insel des Pythagoras, Samos, und wieder zur\u00fcck mit einer Lagoon 440.<br>Mitsegeln k\u00f6nnen immer sechs Teilnehmer auf jeweils vier verschiedenen T\u00f6rnabschnitten von acht und zehn Tagen.<br>Ausf\u00fchrliche Informationen zu diesen T\u00f6rns findest Du <a href=\"https:\/\/blog.blu-venture.de\/wp-content\/2025\/12\/Griechenland-Segeltoern-Infos-2026-1.pdf\">hier<\/a>.<br>Oder Du schreibst mir eine <a href=\"mailto:martin@blu-venture.de\">Mail<\/a>\/ WApp.<\/p>\n\n\n\n<h1 class=\"wp-block-heading\">Segeln und Safari auf Sansibar Januar-M\u00e4rz 2027<\/h1>\n\n\n\n<p>Letzte Woche habe ich mir die Basis mit den drei Katamaranen auf Sansibar angeschaut, die einen sehr professionellen Eindruck auf mich gemacht hat.<br>Daher wird es 2027 drei T\u00f6rns von zwei und drei Wochen dort geben, in denen wir die Inselwelt um Sansibar und den beiden gr\u00f6\u00dferen Nachbarinseln Pemba und Mafia-Island erkunden. Auf Mafia Island soll es Walhaie geben, mit denen man Schnorcheln kann.<br>Auch ist ein Schlag nach Dar es Salaam (Festland Tansania) geplant.<\/p>\n\n\n\n<p>Und wer m\u00f6chte kann nach dem T\u00f6rn noch an einer vier-t\u00e4gigen Safari in Tansania teilnehmen. Dazu haben wir ebenfalls schon einige Erkundungen eingeholt.<\/p>\n\n\n\n<p>Alle ausf\u00fchrlichen Infoformationen<br>zu den drei T\u00f6rns ab Sansibar findest Du <a href=\"https:\/\/blog.blu-venture.de\/wp-content\/2025\/12\/Segeln-und-Safari-in-Sansibar-und-Tansania_INFOS.pdf\">hier<\/a> und<br>zur Safari findest Du <a href=\"https:\/\/blog.blu-venture.de\/wp-content\/2025\/12\/Safari-MARTIN-GROUP_Nature-Safari.pdf\">hier<\/a><\/p>\n\n\n\n<p>Oder Du schreibst mir eine <a href=\"mailto:martin@blu-venture.de\">Mail<\/a>\/ WApp.<\/p>\n\n\n\n<h1 class=\"wp-block-heading\">Hausboot VLINDER 2026<\/h1>\n\n\n\n<p>Es gibt schon den Routenplan f\u00fcr 2026.<br>Los geht es ab 20. April zun\u00e4chst nach Stra\u00dfburg und Nancy, weiter auf der Mosel nach Toul und durch Luxemburg bis Trier und danach folgen wir der Saar und dem Saarkanal bis Nancy und Toul.<\/p>\n\n\n\n<p>Ausf\u00fchrliche Beschreibungen mit den Terminen findest Du auf meiner <a href=\"https:\/\/www.martin-hausboot.de\/?page_id=24\">Hausboot-Seite im Routenplan 2026.<\/a><br>Oder Du schreibst mir eine <a href=\"mailto:martin@blu-venture.de\">Mail<\/a>\/ WApp.<\/p>\n\n\n\n<p><strong><em>Also dann bis auf bald an Bord beim Segeln<br>in der S\u00fcdsee, Griechenland oder Sansibar<br>oder auf den Fl\u00fcssen und Kan\u00e4len mit VLINDER<br><br><\/em><\/strong><\/p>\n\n\n\n<p><strong><em>Euer Flu\u00dfkapit\u00e4n und Ozean-Skipper auf bald dann in 2026<\/em><\/strong><\/p>\n\n\n\n<figure class=\"wp-block-image size-full\"><img loading=\"lazy\" decoding=\"async\" width=\"164\" height=\"92\" src=\"https:\/\/www.martin-hausboot.de\/wp-content\/uploads\/2025\/12\/image.png\" alt=\"\" class=\"wp-image-778\"\/><\/figure>\n\n\n\n<p>Um den&nbsp;blu:venture&nbsp;Newsletter abzubestellen,<br>schicken Sie bitte eine Mail an:<br><a href=\"mailto:martin@blu-venture.de\">martin@blu-venture.de<\/a><\/p>\n\n\n\n<p>Martin Ranft<br>Karl-Steinhauser-Stra\u00dfe&nbsp;1A,<br>82278&nbsp;Althegnenberg<br><br>Impressum:<a href=\"http:\/\/blu-venture.de\/site\/?page_id=194\">&nbsp;<\/a><a href=\"https:\/\/www.blu-venture.de\/?page_id=194\">blu-venture.de<\/a><\/p>\n","protected":false},"excerpt":{"rendered":"<p>Inhalt Neujahrsgr\u00fc\u00dfe Segeln in Griechenland \u2013 \u00c4g\u00e4ische Inseln 2026 Segeln und Safari auf Sansibar Januar-M\u00e4rz 2027 Hausboot VLINDER 2027 Neujahrsgr\u00fc\u00dfe Das Jahr neigt sich so langsam dem Ende und dazu w\u00fcnsche ich Dir eine sch\u00f6ne noch verbleibende Adventszeit und hoffe Du hattest ein besinnliches und frohes Weihnachtsfest.F\u00fcr das kommende neue Jahr2026 w\u00fcnsche ich Dir einen [&hellip;]<\/p>\n","protected":false},"author":2,"featured_media":0,"parent":0,"menu_order":0,"comment_status":"closed","ping_status":"closed","template":"","meta":{"footnotes":""},"class_list":["post-777","page","type-page","status-publish","hentry"],"_links":{"self":[{"href":"https:\/\/www.martin-hausboot.de\/index.php?rest_route=\/wp\/v2\/pages\/777","targetHints":{"allow":["GET"]}}],"collection":[{"href":"https:\/\/www.martin-hausboot.de\/index.php?rest_route=\/wp\/v2\/pages"}],"about":[{"href":"https:\/\/www.martin-hausboot.de\/index.php?rest_route=\/wp\/v2\/types\/page"}],"author":[{"embeddable":true,"href":"https:\/\/www.martin-hausboot.de\/index.php?rest_route=\/wp\/v2\/users\/2"}],"replies":[{"embeddable":true,"href":"https:\/\/www.martin-hausboot.de\/index.php?rest_route=%2Fwp%2Fv2%2Fcomments&post=777"}],"version-history":[{"count":1,"href":"https:\/\/www.martin-hausboot.de\/index.php?rest_route=\/wp\/v2\/pages\/777\/revisions"}],"predecessor-version":[{"id":779,"href":"https:\/\/www.martin-hausboot.de\/index.php?rest_route=\/wp\/v2\/pages\/777\/revisions\/779"}],"wp:attachment":[{"href":"https:\/\/www.martin-hausboot.de\/index.php?rest_route=%2Fwp%2Fv2%2Fmedia&parent=777"}],"curies":[{"name":"wp","href":"https:\/\/api.w.org\/{rel}","templated":true}]}}