{"id":765,"date":"2025-10-24T20:48:34","date_gmt":"2025-10-24T20:48:34","guid":{"rendered":"https:\/\/www.martin-hausboot.de\/?page_id=765"},"modified":"2025-10-24T20:56:28","modified_gmt":"2025-10-24T20:56:28","slug":"newsletter-vom-25-10-2025","status":"publish","type":"page","link":"https:\/\/www.martin-hausboot.de\/?page_id=765","title":{"rendered":"Newsletter vom 25.10.2025"},"content":{"rendered":"\n<p>Newsletter Oktober 2025<\/p>\n\n\n\n<hr class=\"wp-block-separator has-alpha-channel-opacity\"\/>\n\n\n\n<p>Betreff: Paradiesische Segelurlaube und klassische Hausbootfahrten 2026\/27<\/p>\n\n\n\n<hr class=\"wp-block-separator has-alpha-channel-opacity\"\/>\n\n\n\n<h1 class=\"wp-block-heading\">Inhalt<\/h1>\n\n\n\n<ul class=\"wp-block-list\">\n<li>R\u00fcckblick 2025<\/li>\n\n\n\n<li>Kat-Segeln in der S\u00fcdsee<br>Januar-M\u00e4rz 2026<\/li>\n\n\n\n<li>Hausbootfahrten 2026<\/li>\n\n\n\n<li>Griechische Inseln<br>September-Oktober 2026<\/li>\n\n\n\n<li>Kat-Segeln und Safari auf Sansibar Januar-M\u00e4rz 2027<\/li>\n<\/ul>\n\n\n\n<hr class=\"wp-block-separator has-alpha-channel-opacity\"\/>\n\n\n\n<h1 class=\"wp-block-heading\">R\u00fcckblick 2025:<\/h1>\n\n\n\n<h2 class=\"wp-block-heading\">Hausbootfahrten Frankreich, Luxemburg und Deutschland<\/h2>\n\n\n\n<p>Dieses Jahr waren wir vom 20. April bis zum 7. Oktober mit unserer VLINDER haupts\u00e4chlich in Frankreich, aber auch in Luxemburg und Deutschland unterwegs.<br>Auf unserer Strecke von knapp<br>1000 Kilometer passierten wir<br>ca. 200 Schleusen (H\u00f6chste 15m),<br>zwei Tunnel (475m und 2306m) sowie<br>den <a href=\"https:\/\/maps.app.goo.gl\/1iJQVEoNNQwRSoW6A\">Schr\u00e4glift bei Arzviller<\/a> mit<br>45 m H\u00f6henunterschied.<br>Wir tuckerten ganz gem\u00fctlich vorbei an vielen verschiedenen Landschaften und Sehensw\u00fcrdigkeiten und besuchten Museen, Burgen und Schl\u00f6sser entlang der Strecke.<\/p>\n\n\n\n<p><ins>F\u00fcr Spazierg\u00e4nge, Radausfl\u00fcge im Gr\u00fcnen, Baden, <\/ins><ins>Kaffee- <\/ins><ins>und Kuchennachmitt<\/ins>a<ins>ge war auch <\/ins>immer <ins>Zeit<\/ins>.<\/p>\n\n\n\n<p>Einige der Highlights waren Muhlhouse, Basel, Colmar, Stra\u00dfburg, Saverne, Nancy, Toul, Metz, Schengen, Grevenmacher, Trier, Saarburg, die Saarschleife, V\u00f6lklingen, Saarbr\u00fccken, Sarrebourg und Xouaxange.<\/p>\n\n\n\n<p>&nbsp;<br>All dies kannst Du nochmal in unserem <a href=\"https:\/\/blog.blu-venture.de\/category\/tagebuch-bluventure\/2025-frankreich-mit-vlinder\/\">Blog mit 142 Beitr\u00e4gen<\/a> nachlesen.<br>Rechts auf der Blogseite in der Scroll Zeile \u201e<em>T\u00f6rntagebuch Archiv \u2013 Seegebiete<\/em>\u201c<br>findest Du unter<br>\u201e<em>2025 VLINDERs Reisen in Frankreich<\/em>\u201c die einzelnen Routenabschnitte.<\/p>\n\n\n\n<p><br>Unsere urspr\u00fcnglich geplante Route, die uns wieder zum Winterlager in Saint-Jean-de-Losne f\u00fchren sollte, mussten wir im Sommer umplanen, weil zwei Kanalrouten, die vom Rhein-Marne-Kanal nach S\u00fcden zur Sa\u00f4ne f\u00fchren, teilweise gesperrt waren.<\/p>\n\n\n\n<p>Daher fuhren wir ab Nancy auf der Mosel talw\u00e4rts \u00fcber Toul und Metz bis nach Luxemburg und Trier. Von Trier aus folgten wir der Saar flussaufw\u00e4rts bis Saarbr\u00fccken, um dann die letzten Kilometer, den Saar-Kanal und Rhein-Marne-Kanal bis nach Saverne zu folgen.<\/p>\n\n\n\n<p>Jedoch war kurz vor Saverne am Tunnel von Niderviller erst einmal Schluss, da der Schr\u00e4glift bei Arzviller wegen eines defekten Motors au\u00dfer Betrieb war.<\/p>\n\n\n\n<p>Nun \u00fcberwintert die VLINDER jetzt bis April bei der <a href=\"https:\/\/maps.app.goo.gl\/tto7kEm9zADhNVy26\">Kuhnle-Marina in Niderviller<\/a>,<br>bis ab Mitte April die neue Saison zum Mitfahren startet.<\/p>\n\n\n\n<hr class=\"wp-block-separator has-alpha-channel-opacity\"\/>\n\n\n\n<h1 class=\"wp-block-heading\">Ausblick 2026:<\/h1>\n\n\n\n<h2 class=\"wp-block-heading\">Kat-Segeln in der S\u00fcdsee<br>Januar-M\u00e4rz 2026<\/h2>\n\n\n\n<p>Im Winter 2026 segeln wir mit einer<br>Bali 4.5 in den warmen Gew\u00e4ssern der Gesellschaftsinseln von French Polynesien.<br>Leider sind alle drei T\u00f6rns schon ausgebucht.<br>Aber wir sind schon an der Planung f\u00fcr den Winter 2027 \u2013 schaut mal weiter unten hier im Newsletter nach.<\/p>\n\n\n\n<hr class=\"wp-block-separator has-alpha-channel-opacity\"\/>\n\n\n\n<h2 class=\"wp-block-heading\">Hausbootfahrten 2026<\/h2>\n\n\n\n<p>Ab Mitte April soll es wieder losgehen.<br>Wir wollen die sch\u00f6ne und abwechslungsreiche Runde von 2025 wiederholen.<br>Hier schon mal ein kurzer Planungs\u00fcberblick f\u00fcr 2026:<\/p>\n\n\n\n<ul class=\"wp-block-list\">\n<li>Mitte April und Mai<br><em>Rhein-Marne-Kanal<\/em>:<br>Saverne &#8211; Stra\u00dfburg &#8211; Saverne &#8211; Nancy<\/li>\n\n\n\n<li>Juni<br><em>Mosel<\/em>:<br>Toul &#8211; Nancy \u2013 Metz \u2013 Luxemburg<\/li>\n\n\n\n<li>Juli<br><em>Mosel und Saar<\/em>:<br>Luxemburg \u2013 Trier \u2013 Saarbr\u00fccken<\/li>\n\n\n\n<li>August<br><em>Saar- und Rhein-Marne-Kanal<\/em>:<br>Saarbr\u00fccken \u2013 Saralbe \u2013 Nancy \u2013 Toul<\/li>\n<\/ul>\n\n\n\n<p><br>Sei 2026 nach Absprache dabei \u2013 wir haben flexible Termine ab drei Tagen. Ausf\u00fchrliche Informationen gibt es auf<br><a href=\"https:\/\/www.martin-hausboot.de\/?page_id=24\">Martin-Hausboot.de<\/a>.<br>&nbsp;<\/p>\n\n\n\n<hr class=\"wp-block-separator has-alpha-channel-opacity\"\/>\n\n\n\n<h2 class=\"wp-block-heading\">Griechische Inseln<br>September-Oktober 2026<\/h2>\n\n\n\n<p>Von Mitte September bis Oktober 2026 plane ich ein paar 8-10 Tage Segelt\u00f6rns auf einem 45 Fu\u00df Katamaran mit max. sechs Mitseglern.<br>Ab Athen aus soll es dann oneway Inselhopping-T\u00f6rns nach Paros von dort nach Samos und mit einigen sch\u00f6nen Stopps wieder retour durch die \u00c4g\u00e4is geben.<\/p>\n\n\n\n<p>Hast Du Lust dabei zu sein?<br>Schreib mir bitte kurz per <a href=\"mailto:martin@blu-venture.de\">Mail<\/a> oder WApp.<br>Dann kann ich die T\u00f6rns organisieren und habe dazu dann die konkreten Infos bis zum Jahresende.<\/p>\n\n\n\n<h3 class=\"wp-block-heading\">Segeln in der \u00c4g\u00e4is \u2013 Sp\u00e4tsommertr\u00e4ume auf dem Meer<\/h3>\n\n\n\n<p>Erlebe den Zauber der \u00c4g\u00e4is im goldenen Licht des Sp\u00e4tsommers! Zwischen September und Oktober zeigt sich die Inselwelt von ihrer sch\u00f6nsten Seite \u2013 warm, ruhig und sonnenverw\u00f6hnt. An Bord eines komfortablen Katamarans gleiten wir zusammen \u00fcber das t\u00fcrkisfarbene Meer, entdecken versteckte Buchten, charmante H\u00e4fen und genie\u00dfen den Duft von Pinien, Salz und Freiheit.<\/p>\n\n\n\n<p>Mit angenehmen Temperaturen von etwa<br>25\u201330 \u00b0C, badewarmem Wasser und sanften Winden sind diese Monate ideal zum Segeln, Schwimmen und Entspannen. Weniger Touristen, klare Sicht und spektakul\u00e4re Sonnenunterg\u00e4nge machen jeden Tag zu einem besonderen Erlebnis.<\/p>\n\n\n\n<p>Ein T\u00f6rn mit Segelfreunden im \u00e4g\u00e4ischen Herbst ist pure Lebensfreude unter griechischer Sonne.<\/p>\n\n\n\n<hr class=\"wp-block-separator has-alpha-channel-opacity\"\/>\n\n\n\n<h2 class=\"wp-block-heading\">Kat-Segeln und Safari auf Sansibar Januar-M\u00e4rz 2027<\/h2>\n\n\n\n<p>Noch im Dezember dieses Jahres fliegen wir nach Sansibar, einer Insel vor der Ostk\u00fcste Afrikas auf etwa 6 Grad S\u00fcd gelegen, die zu Tansania geh\u00f6rt.<\/p>\n\n\n\n<p>Dort besichtigen wir eine Charterbasis die drei 14m Segelkatamarane hat, die wir dann 2027 chartern wollen, um damit 3 oder 4 zweiw\u00f6chige T\u00f6rns anzubieten.<\/p>\n\n\n\n<p>Vielleicht auch in Verbindung mit einer zus\u00e4tzlichen einw\u00f6chigen Safari vor oder nach dem Segelt\u00f6rn.<\/p>\n\n\n\n<p>Mehr dazu mit Einzelheiten kann ich bis zum Jahresende sagen.<\/p>\n\n\n\n<p>Wenn Du Interesse hast freue ich mich \u00fcber ein kurzes Feedback per <a href=\"mailto:martin@blu-venture.de\">Mail<\/a> oder WApp. Das hilft mir bei der Planung.<\/p>\n\n\n\n<h3 class=\"wp-block-heading\"><br>Segeln &amp; Safari \u2013 Ihr Traumurlaub zwischen Ozean und Savanne<\/h3>\n\n\n\n<p>Erlebe Afrika von seiner sch\u00f6nsten Seite \u2013 auf einer Reise, die die Sinne ber\u00fchrt und unvergessliche Momente schenkt. Sansibar, die Insel der Gew\u00fcrze, empf\u00e4ngt Dich mit wei\u00dfen Traumstr\u00e4nden, t\u00fcrkisblauem Wasser und dem Duft von Nelken und Vanille in der Luft. Komm mit an Bord eines eleganten Katamarans und lass Dich vom Wind \u00fcber das glitzernde Meer tragen. Entdecke versteckte Buchten, schillernde Korallenriffe und genie\u00dfe den Zauber eines Sonnenuntergangs, der den Himmel in Gold und Purpur taucht.<\/p>\n\n\n\n<p>Von Januar bis M\u00e4rz zeigt sich Sansibar von seiner sonnigsten Seite \u2013 mit Temperaturen um die 30 \u00b0C, warmem Meer und einer sanften Brise, die Seglertr\u00e4ume wahr werden l\u00e4sst. Nach Tagen voller Sonne, Meer und Genuss wartet das n\u00e4chste Abenteuer: eine unvergessliche Safari auf dem tansanischen Festland.<\/p>\n\n\n\n<p>Zum Beispiel im Serengeti-Nationalpark, im majest\u00e4tischen Ngorongoro-Krater oder in den weiten Ebenen des Tarangire erlebst Du die Magie der Wildnis hautnah. Wenn die Sonne \u00fcber der Savanne aufgeht und das goldene Licht die Landschaft in W\u00e4rme taucht, begegnest Du Elefanten, Giraffen, Zebras und L\u00f6wen in ihrem nat\u00fcrlichen Lebensraum \u2013 Momente, die f\u00fcr immer bleiben.<\/p>\n\n\n\n<p>Ob auf dem Katamaran im Indischen Ozean oder im offenen Gel\u00e4ndewagen durch die afrikanische Wildnis \u2013 diese Reise vereint Entspannung, Abenteuer und das pure Lebensgef\u00fchl Afrikas. Segeln &amp; Safari \u2013 zwei Welten, ein Traum.<\/p>\n\n\n\n<hr class=\"wp-block-separator has-alpha-channel-opacity\"\/>\n\n\n\n<p><strong><em>Also dann bis auf bald an Bord von VLINDER und\/oder<br>auf einem Kat in der S\u00fcdsee, Griechenland oder Sansibar<\/em><\/strong><\/p>\n\n\n\n<p><strong><em>Euer Flu\u00dfkapit\u00e4n und Ozean-Skipper<\/em><\/strong><\/p>\n\n\n\n<figure class=\"wp-block-image size-full\"><img loading=\"lazy\" decoding=\"async\" width=\"164\" height=\"92\" src=\"https:\/\/www.martin-hausboot.de\/wp-content\/uploads\/2025\/10\/image.png\" alt=\"\" class=\"wp-image-769\"\/><\/figure>\n\n\n\n<blockquote class=\"wp-block-quote is-layout-flow wp-block-quote-is-layout-flow\">\n<p>Um den&nbsp;blu:venture&nbsp;Newsletter abzubestellen,<br>schicken Sie bitte eine Mail an:<br><a href=\"mailto:martin@blu-venture.de\">martin@blu-venture.de<\/a><\/p>\n<\/blockquote>\n\n\n\n<p>Martin Ranft<br>Karl-Steinhauser-Strasse\u00a01A,<br>82278\u00a0Altgegnenberg<br><br>Impressum:<a href=\"http:\/\/blu-venture.de\/site\/?page_id=194\">\u00a0<\/a><a href=\"https:\/\/www.blu-venture.de\/?page_id=194\" target=\"_blank\" rel=\"noreferrer noopener\">blu-venture.de<\/a><\/p>\n","protected":false},"excerpt":{"rendered":"<p>Newsletter Oktober 2025 Betreff: Paradiesische Segelurlaube und klassische Hausbootfahrten 2026\/27 Inhalt R\u00fcckblick 2025: Hausbootfahrten Frankreich, Luxemburg und Deutschland Dieses Jahr waren wir vom 20. April bis zum 7. Oktober mit unserer VLINDER haupts\u00e4chlich in Frankreich, aber auch in Luxemburg und Deutschland unterwegs.Auf unserer Strecke von knapp1000 Kilometer passierten wirca. 200 Schleusen (H\u00f6chste 15m),zwei Tunnel (475m [&hellip;]<\/p>\n","protected":false},"author":2,"featured_media":0,"parent":0,"menu_order":0,"comment_status":"closed","ping_status":"closed","template":"","meta":{"footnotes":""},"class_list":["post-765","page","type-page","status-publish","hentry"],"_links":{"self":[{"href":"https:\/\/www.martin-hausboot.de\/index.php?rest_route=\/wp\/v2\/pages\/765","targetHints":{"allow":["GET"]}}],"collection":[{"href":"https:\/\/www.martin-hausboot.de\/index.php?rest_route=\/wp\/v2\/pages"}],"about":[{"href":"https:\/\/www.martin-hausboot.de\/index.php?rest_route=\/wp\/v2\/types\/page"}],"author":[{"embeddable":true,"href":"https:\/\/www.martin-hausboot.de\/index.php?rest_route=\/wp\/v2\/users\/2"}],"replies":[{"embeddable":true,"href":"https:\/\/www.martin-hausboot.de\/index.php?rest_route=%2Fwp%2Fv2%2Fcomments&post=765"}],"version-history":[{"count":3,"href":"https:\/\/www.martin-hausboot.de\/index.php?rest_route=\/wp\/v2\/pages\/765\/revisions"}],"predecessor-version":[{"id":771,"href":"https:\/\/www.martin-hausboot.de\/index.php?rest_route=\/wp\/v2\/pages\/765\/revisions\/771"}],"wp:attachment":[{"href":"https:\/\/www.martin-hausboot.de\/index.php?rest_route=%2Fwp%2Fv2%2Fmedia&parent=765"}],"curies":[{"name":"wp","href":"https:\/\/api.w.org\/{rel}","templated":true}]}}