{"id":471,"date":"2024-12-06T08:56:08","date_gmt":"2024-12-06T08:56:08","guid":{"rendered":"https:\/\/www.martin-hausboot.de\/?page_id=471"},"modified":"2024-12-06T08:56:08","modified_gmt":"2024-12-06T08:56:08","slug":"30-06-2024-vlinder-in-belgien","status":"publish","type":"page","link":"https:\/\/www.martin-hausboot.de\/?page_id=471","title":{"rendered":"30.06.2024 VLINDER in BELGIEN"},"content":{"rendered":"\n<p>Seit Ende Mai ist VLINDER unterwegs auf den belgischen Kan\u00e4len und Fl\u00fcssen.<\/p>\n\n\n\n<p>Die erste 14-Tage Runde ging von Gent auf der Leie und der Schelde wieder zur\u00fcck nach Gent.<br>Auf dieser ca. 120 km langen Strecke haben wir diverse Schleusen mit bis zu 12m Hub befahren.<br>Die schmalste Schleuse war nur 5,15m breit (VLINDER ist 4m breit).<br>Bei den diversen Pausen in der Natur der Leie, in Deinze, Kortrijk, bei Bossoit-Kanal, in Kerkhove,<br>Oudenaarde und Merebeeke haben wir vieles gesehen und erlebt.<br>Es gab Schl\u00f6sse, Burgen, viele Kirchen mit hohen T\u00fcrmen, Museen, Parks und einiges an<br>Events wie zum Beispiel ein Oldtimertreffen in Deinze.<br>Und nat\u00fcrlich haben wir Gent am Anfang und Ende ausf\u00fchrlich erkundet.<\/p>\n\n\n\n<p>Seit dem 22. Juni ist VLINDER nun auf dem Weg nach Frankreich.<br>Es geht die Schelde entlang \u00fcber einige Kan\u00e4le bis nach Namur und dann gen S\u00fcden auf der Meuse,<br>zu Deutsch die Maas, zun\u00e4chst bis Givet. Das ist das erste Etappenziel bis etwa 10.\/15. Juli.<\/p>\n\n\n\n<figure class=\"wp-block-image size-full\"><img loading=\"lazy\" decoding=\"async\" width=\"346\" height=\"229\" src=\"https:\/\/www.martin-hausboot.de\/wp-content\/uploads\/2024\/12\/image-6.png\" alt=\"\" class=\"wp-image-440\" srcset=\"https:\/\/www.martin-hausboot.de\/wp-content\/uploads\/2024\/12\/image-6.png 346w, https:\/\/www.martin-hausboot.de\/wp-content\/uploads\/2024\/12\/image-6-300x199.png 300w\" sizes=\"auto, (max-width: 346px) 100vw, 346px\" \/><\/figure>\n\n\n\n<p>Gestern zum Beispiel hat VLINDRER das weltweit gr\u00f6\u00dfte Schiffshebewerk passiert.<br>VLINDER wurde es wie in einem Fahrstuhl, der einer \u201eBadewanne\u201c f\u00fcr Schiffe gleicht, 73m hochgehoben.<br>Dann ging es weiter in einem Kanal, der ein paar Meter als Br\u00fccke \u00fcber einer Autobahn ausgebildet war.<br>Sowas ist ja eher selten, das Schiffe \u00fcber eine Br\u00fccke fahren.<\/p>\n\n\n\n<figure class=\"wp-block-gallery has-nested-images columns-default is-cropped wp-block-gallery-1 is-layout-flex wp-block-gallery-is-layout-flex\">\n<figure class=\"wp-block-image size-large\"><img loading=\"lazy\" decoding=\"async\" width=\"756\" height=\"562\" data-id=\"455\" src=\"https:\/\/www.martin-hausboot.de\/wp-content\/uploads\/2024\/12\/Newsletter-30062024.jpg\" alt=\"\" class=\"wp-image-455\" srcset=\"https:\/\/www.martin-hausboot.de\/wp-content\/uploads\/2024\/12\/Newsletter-30062024.jpg 756w, https:\/\/www.martin-hausboot.de\/wp-content\/uploads\/2024\/12\/Newsletter-30062024-300x223.jpg 300w\" sizes=\"auto, (max-width: 756px) 100vw, 756px\" \/><figcaption class=\"wp-element-caption\">Screenshot<\/figcaption><\/figure>\n\n\n\n<figure class=\"wp-block-image size-large\"><img loading=\"lazy\" decoding=\"async\" width=\"354\" height=\"263\" data-id=\"439\" src=\"https:\/\/www.martin-hausboot.de\/wp-content\/uploads\/2024\/12\/image-5.png\" alt=\"\" class=\"wp-image-439\" srcset=\"https:\/\/www.martin-hausboot.de\/wp-content\/uploads\/2024\/12\/image-5.png 354w, https:\/\/www.martin-hausboot.de\/wp-content\/uploads\/2024\/12\/image-5-300x223.png 300w\" sizes=\"auto, (max-width: 354px) 100vw, 354px\" \/><\/figure>\n<\/figure>\n\n\n\n<p>An sich war heute geplant statt dem 73m hohem Lift die vier, \u00fcber <a href=\"https:\/\/www.ardmediathek.de\/video\/schaetze-der-welt\/canal-du-centre-die-vier-schiffshebewerke-des-canal-du-centre-belgien-folge-375\/3sat\/Y3JpZDovL3N3ci5kZS82NjEwNTUy\" target=\"_blank\" rel=\"noreferrer noopener\">100 Jahre alten Schiffshebewerke <\/a>von jeweils ca. 17m zu befahren.<br>Leider sind sie wegen Wartungsarbeiten kurzzeitig nicht in Betrieb.<br>Aber wir haben den alten Kanal, wo diese vier imposanten Hebewerke stehen mit dem Radel abgefahren<br>und haben auf diese Weise dann auch gleich, wie jeden Tag, unser Auto nachgeholt.<\/p>\n\n\n\n<p>Das mit dem Auto ist sehr praktisch, weil wir somit immer flexibel sind und Euch als zuk\u00fcnftige Mitfahrer auf VLINDER<br>auch irgendwo an der Strecke abholen k\u00f6nnen oder Euch wieder zu Eurem Auto und\/oder zu \u00d6ffis bringen k\u00f6nnen.<br>Somit kann Eure Mitfahrt ganz flexibel organisiert werden.<\/p>\n\n\n\n<p><strong>Segeln in French Polynesien (Pazifik)<\/strong><\/p>\n\n\n\n<p>Wie schon im letzten Newsletter angek\u00fcndigt gibt es zwei Segelt\u00f6rns in den Gesellschaftsinseln des Pazifiks auf einer CATANA 55.<br>Von Raiatea geht\u2019s f\u00fcr drei Wochen nach Papeete und dann die n\u00e4chsten drei Wochen wieder retour.<br>Wir besegeln alle Gesellschaftsinseln (Maupiti, Bora-Bora, Huahine, Raiate mit Tahaa und Moorea sowie Papeete auf Tahiti).<\/p>\n\n\n\n<figure class=\"wp-block-gallery has-nested-images columns-default is-cropped wp-block-gallery-2 is-layout-flex wp-block-gallery-is-layout-flex\">\n<figure class=\"wp-block-image size-large\"><img decoding=\"async\" data-id=\"458\" src=\"https:\/\/www.martin-hausboot.de\/wp-content\/uploads\/2024\/12\/KArte-FP.png\" alt=\"\" class=\"wp-image-458\"\/><\/figure>\n<\/figure>\n\n\n\n<p>Auf dem zweiten T\u00f6rn sind schon alle Pl\u00e4tze weg.<\/p>\n\n\n\n<p>Aber es gibt noch drei Pl\u00e4tze (zwei in einer Doppelkabine und einen in einer Einzelkabine) vom<br>11.01. bis 01.02.2025 ab Utoroa (Raiatea) an Papeete (Tahiti).<br><\/p>\n\n\n\n<p>Der T\u00f6rn kostet inklusive Reiser\u00fccktrittsversicherung \u20ac 3.230,00.<br>Im Internetportal Handgegenkoje.de gibt es zus\u00e4tzliche Infos zu dem T\u00f6rn.<br><\/p>\n\n\n\n<p>Ihr k\u00f6nnt mich nat\u00fcrlich auch gerne jederzeit pers\u00f6nlich dazu befragen.<\/p>\n\n\n\n<p><strong>Reiseplan von VLINDER<\/strong><\/p>\n\n\n\n<p>Vom 15.7.- 14.8.24<br>sind wir auf der Strecke von Givet nach Nancy<\/p>\n\n\n\n<figure class=\"wp-block-image size-full\"><img loading=\"lazy\" decoding=\"async\" width=\"246\" height=\"340\" src=\"https:\/\/www.martin-hausboot.de\/wp-content\/uploads\/2024\/12\/image-7.png\" alt=\"\" class=\"wp-image-441\" srcset=\"https:\/\/www.martin-hausboot.de\/wp-content\/uploads\/2024\/12\/image-7.png 246w, https:\/\/www.martin-hausboot.de\/wp-content\/uploads\/2024\/12\/image-7-217x300.png 217w\" sizes=\"auto, (max-width: 246px) 100vw, 246px\" \/><\/figure>\n\n\n\n<p>Vom 18.8.- 27.8.24<br>drehen wir eine Runde auf der Mosel von\/nach Nancy<\/p>\n\n\n\n<p>Vom 28.8.- 12.9.24<br>tuckern wir von Nancy nach Corre<\/p>\n\n\n\n<figure class=\"wp-block-image size-full\"><img loading=\"lazy\" decoding=\"async\" width=\"245\" height=\"369\" src=\"https:\/\/www.martin-hausboot.de\/wp-content\/uploads\/2024\/12\/image-3.png\" alt=\"\" class=\"wp-image-437\" srcset=\"https:\/\/www.martin-hausboot.de\/wp-content\/uploads\/2024\/12\/image-3.png 245w, https:\/\/www.martin-hausboot.de\/wp-content\/uploads\/2024\/12\/image-3-199x300.png 199w\" sizes=\"auto, (max-width: 245px) 100vw, 245px\" \/><\/figure>\n\n\n\n<p>Vom 13.9.- 04.10.24<br>durchqueren wir die Weingegend von Corre nach Dijon<\/p>\n\n\n\n<figure class=\"wp-block-image size-full\"><img loading=\"lazy\" decoding=\"async\" width=\"244\" height=\"288\" src=\"https:\/\/www.martin-hausboot.de\/wp-content\/uploads\/2024\/12\/image-2.png\" alt=\"\" class=\"wp-image-436\"\/><\/figure>\n\n\n\n<p>Vom 05.10.- 30.10.24<br>geht\u2019s auf der Saone zur Rhone von Dijon nach Lyon<\/p>\n\n\n\n<figure class=\"wp-block-image size-full\"><img loading=\"lazy\" decoding=\"async\" width=\"244\" height=\"413\" src=\"https:\/\/www.martin-hausboot.de\/wp-content\/uploads\/2024\/12\/image-4.png\" alt=\"\" class=\"wp-image-438\" srcset=\"https:\/\/www.martin-hausboot.de\/wp-content\/uploads\/2024\/12\/image-4.png 244w, https:\/\/www.martin-hausboot.de\/wp-content\/uploads\/2024\/12\/image-4-177x300.png 177w\" sizes=\"auto, (max-width: 244px) 100vw, 244px\" \/><\/figure>\n\n\n\n<p>Mitfahren kann jeder von 0-99 Jahren.<br>Sucht Euch einfach einen Streckenabschnitt aus, der Euch interessiert und fahrt dann ein paar Tage mit.<br>Die An- und Abreise k\u00f6nnen wir ganz flexibel nach Euren Pl\u00e4nen gestalten.<br>Also los &#8211; ich freue mich auf Euch!<\/p>\n\n\n\n<p>Viele Gr\u00fc\u00dfe und auf bald euer Kanal und Ozean Skipper \ud83d\ude09<br><strong>Martin<\/strong><\/p>\n","protected":false},"excerpt":{"rendered":"<p>Seit Ende Mai ist VLINDER unterwegs auf den belgischen Kan\u00e4len und Fl\u00fcssen. Die erste 14-Tage Runde ging von Gent auf der Leie und der Schelde wieder zur\u00fcck nach Gent.Auf dieser ca. 120 km langen Strecke haben wir diverse Schleusen mit bis zu 12m Hub befahren.Die schmalste Schleuse war nur 5,15m breit (VLINDER ist 4m breit).Bei [&hellip;]<\/p>\n","protected":false},"author":2,"featured_media":0,"parent":0,"menu_order":0,"comment_status":"closed","ping_status":"closed","template":"","meta":{"footnotes":""},"class_list":["post-471","page","type-page","status-publish","hentry"],"_links":{"self":[{"href":"https:\/\/www.martin-hausboot.de\/index.php?rest_route=\/wp\/v2\/pages\/471","targetHints":{"allow":["GET"]}}],"collection":[{"href":"https:\/\/www.martin-hausboot.de\/index.php?rest_route=\/wp\/v2\/pages"}],"about":[{"href":"https:\/\/www.martin-hausboot.de\/index.php?rest_route=\/wp\/v2\/types\/page"}],"author":[{"embeddable":true,"href":"https:\/\/www.martin-hausboot.de\/index.php?rest_route=\/wp\/v2\/users\/2"}],"replies":[{"embeddable":true,"href":"https:\/\/www.martin-hausboot.de\/index.php?rest_route=%2Fwp%2Fv2%2Fcomments&post=471"}],"version-history":[{"count":1,"href":"https:\/\/www.martin-hausboot.de\/index.php?rest_route=\/wp\/v2\/pages\/471\/revisions"}],"predecessor-version":[{"id":472,"href":"https:\/\/www.martin-hausboot.de\/index.php?rest_route=\/wp\/v2\/pages\/471\/revisions\/472"}],"wp:attachment":[{"href":"https:\/\/www.martin-hausboot.de\/index.php?rest_route=%2Fwp%2Fv2%2Fmedia&parent=471"}],"curies":[{"name":"wp","href":"https:\/\/api.w.org\/{rel}","templated":true}]}}