{"id":468,"date":"2024-12-06T08:54:59","date_gmt":"2024-12-06T08:54:59","guid":{"rendered":"https:\/\/www.martin-hausboot.de\/?page_id=468"},"modified":"2024-12-06T08:55:19","modified_gmt":"2024-12-06T08:55:19","slug":"06-12-2024frohe-weihnachten-und-guten-rutsch","status":"publish","type":"page","link":"https:\/\/www.martin-hausboot.de\/?page_id=468","title":{"rendered":"06.12.2024 Frohe Weihnachten und guten Rutsch"},"content":{"rendered":"\n<figure class=\"wp-block-gallery has-nested-images columns-default is-cropped wp-block-gallery-1 is-layout-flex wp-block-gallery-is-layout-flex\">\n<figure class=\"wp-block-image size-full\"><img loading=\"lazy\" decoding=\"async\" width=\"313\" height=\"45\" data-id=\"460\" src=\"https:\/\/www.martin-hausboot.de\/wp-content\/uploads\/2024\/12\/Weihnacht.png\" alt=\"\" class=\"wp-image-460\" srcset=\"https:\/\/www.martin-hausboot.de\/wp-content\/uploads\/2024\/12\/Weihnacht.png 313w, https:\/\/www.martin-hausboot.de\/wp-content\/uploads\/2024\/12\/Weihnacht-300x43.png 300w\" sizes=\"auto, (max-width: 313px) 100vw, 313px\" \/><\/figure>\n<\/figure>\n\n\n\n<p><br>Euch allen w\u00fcnsche ich fr\u00f6hliche und besinnliche Tage bis Weihnachten, ein sch\u00f6nes Fest mit Euren Lieben und nat\u00fcrlich einen super Rutsch ins neue Jahr!<\/p>\n\n\n\n<h3 class=\"wp-block-heading\"><strong>Segeln und Flusskreuzfahrten 2025<\/strong><\/h3>\n\n\n\n<h4 class=\"wp-block-heading\">Segeln im Pazifik 2025<\/h4>\n\n\n\n<figure class=\"wp-block-image size-full\"><img loading=\"lazy\" decoding=\"async\" width=\"355\" height=\"266\" src=\"https:\/\/www.martin-hausboot.de\/wp-content\/uploads\/2024\/12\/BoraBora.jpg\" alt=\"\" class=\"wp-image-461\" srcset=\"https:\/\/www.martin-hausboot.de\/wp-content\/uploads\/2024\/12\/BoraBora.jpg 355w, https:\/\/www.martin-hausboot.de\/wp-content\/uploads\/2024\/12\/BoraBora-300x225.jpg 300w\" sizes=\"auto, (max-width: 355px) 100vw, 355px\" \/><\/figure>\n\n\n\n<p>Am 11. Januar geht\u2019s schon los:<br>zwei Mal drei Wochen Segeln mit einer Catana 55 in French Polynesien.<br>Wir werden alle Gesellschaftsinseln, die das sind:<br>Tahiti, Bora-Bora, Raiatea mit Tahaa, Huahine, Moorea und Maupiti, besuchen.<br>Leider sind schon alle Pl\u00e4tze zum Mitsegeln vergeben.<br><strong>ABER f\u00fcr 2026<\/strong> plane ich wieder zwei Mal drei Wochen.<br>Wer sich jetzt schon vormerken lassen m\u00f6chte schreibt mir einfach eine <a href=\"mailto:toerns@blu-venture.de?subject=French%20Polynesien%202026\">Mail<\/a><br><br><\/p>\n\n\n\n<h4 class=\"wp-block-heading\">Hausboot Reisen mit VLINDER<br>in Frankreich 2025<\/h4>\n\n\n\n<figure class=\"wp-block-image size-large is-resized\"><img loading=\"lazy\" decoding=\"async\" width=\"1024\" height=\"768\" src=\"https:\/\/www.martin-hausboot.de\/wp-content\/uploads\/2024\/11\/PLan2025-1024x768.jpg\" alt=\"\" class=\"wp-image-177\" style=\"width:313px;height:auto\" srcset=\"https:\/\/www.martin-hausboot.de\/wp-content\/uploads\/2024\/11\/PLan2025-1024x768.jpg 1024w, https:\/\/www.martin-hausboot.de\/wp-content\/uploads\/2024\/11\/PLan2025-300x225.jpg 300w, https:\/\/www.martin-hausboot.de\/wp-content\/uploads\/2024\/11\/PLan2025-768x576.jpg 768w, https:\/\/www.martin-hausboot.de\/wp-content\/uploads\/2024\/11\/PLan2025-1536x1152.jpg 1536w, https:\/\/www.martin-hausboot.de\/wp-content\/uploads\/2024\/11\/PLan2025.jpg 1897w\" sizes=\"auto, (max-width: 1024px) 100vw, 1024px\" \/><\/figure>\n\n\n\n<p>Ab Mitte April werden wir wieder losfahren und neue Wasserwege in Frankreich mit VLINDER erkunden.<br>Wir starten in <strong>Saint-Jean-de-Losne<\/strong> und schippern auf der <em>Doubs<\/em> in Richtung <strong>Muhlhouse<\/strong> bis nach <strong>Basel<\/strong> und <strong>Rheinfelden<\/strong>.<br>Von da dann auf dem Rhein bis nach <strong>Colmar<\/strong> und <strong>Strasbourg<\/strong>.<br>Weiter geht\u2019s auf dem <em>Canal de la Marne au Rhin (Ost)<\/em> bis nach <strong>Nancy<\/strong>. Auf dieser Fahrt erleben wir zwei H\u00f6hepunkte, dem <strong>Bootslift und Tunnel<\/strong> bei Arzweiler.<br>Ab Nancy folgen wir auf dem <em>Canal de la Marne au Rhin (West)<\/em> bis <strong>Vitry-le-Francois<\/strong>.<br>Danach gen S\u00fcden auf dem <em>Canal entre Champagne<\/em> <em>et Bourgogne <\/em>bis nach <strong>Maxilly<\/strong> und weiter auf der <em>Saone<\/em> zur\u00fcck nach <strong>Saint-Jean-de-Losne<\/strong>.<\/p>\n\n\n\n<p>Ausf\u00fchrliche Infos zu allen Abschnitten findet Ihr auf meiner neuen <a href=\"https:\/\/www.martin-hausboot.de\/?page_id=24\">Webseite Martin-Hausboot.de<\/a><\/p>\n\n\n\n<p>Auch auf dem Internetportal <a href=\"https:\/\/www.handgegenkoje.de\/angebote\/suche\/?s=blu-venture\">Hand-gegen-Koje<\/a> sind die Routen f\u00fcr 2025 aufgelistet.<\/p>\n\n\n\n<h3 class=\"wp-block-heading\"><strong><a href=\"https:\/\/www.martin-hausboot.de\/?page_id=30\">Martin-Hausboot.de<\/a><\/strong><\/h3>\n\n\n\n<figure class=\"wp-block-image size-full\"><img loading=\"lazy\" decoding=\"async\" width=\"406\" height=\"351\" src=\"https:\/\/www.martin-hausboot.de\/wp-content\/uploads\/2024\/12\/Webseite.png\" alt=\"\" class=\"wp-image-462\" srcset=\"https:\/\/www.martin-hausboot.de\/wp-content\/uploads\/2024\/12\/Webseite.png 406w, https:\/\/www.martin-hausboot.de\/wp-content\/uploads\/2024\/12\/Webseite-300x259.png 300w\" sizes=\"auto, (max-width: 406px) 100vw, 406px\" \/><\/figure>\n\n\n\n<p>Diese neue Webseite ist meiner <strong><a href=\"https:\/\/www.martin-hausboot.de\/?page_id=20\">VLINDER<\/a><\/strong> (Schmetterling), einem 25&#215;4 gro\u00dfem Hausboot, gewidmet.<br>Dort gibt es alle n\u00f6tigen Informationen zu Flusskreuzfahrten auf europ\u00e4ischen Fl\u00fcssen und Kan\u00e4len und vieles mehr.<br><br>Schaut doch mal rein.<br>Und wer m\u00f6chte, kann uns gerne begleiten.<br>Wie und wo steht alles <a href=\"https:\/\/www.martin-hausboot.de\/?page_id=30\">hier<\/a>.<br><br>Wer wissen m\u00f6chte, was wir 2024 erlebt haben und wie es unsere G\u00e4ste empfunden haben,<br>der liest einfach weiter\u2026<\/p>\n\n\n\n<h3 class=\"wp-block-heading\"><strong>R\u00fcckblick 2024<\/strong><\/h3>\n\n\n\n<figure class=\"wp-block-image size-large is-resized\"><img loading=\"lazy\" decoding=\"async\" width=\"785\" height=\"1024\" src=\"https:\/\/www.martin-hausboot.de\/wp-content\/uploads\/2024\/12\/Route24_word-785x1024.jpg\" alt=\"\" class=\"wp-image-301\" style=\"width:297px;height:auto\" srcset=\"https:\/\/www.martin-hausboot.de\/wp-content\/uploads\/2024\/12\/Route24_word-785x1024.jpg 785w, https:\/\/www.martin-hausboot.de\/wp-content\/uploads\/2024\/12\/Route24_word-230x300.jpg 230w, https:\/\/www.martin-hausboot.de\/wp-content\/uploads\/2024\/12\/Route24_word-768x1002.jpg 768w, https:\/\/www.martin-hausboot.de\/wp-content\/uploads\/2024\/12\/Route24_word-1177x1536.jpg 1177w, https:\/\/www.martin-hausboot.de\/wp-content\/uploads\/2024\/12\/Route24_word-1570x2048.jpg 1570w, https:\/\/www.martin-hausboot.de\/wp-content\/uploads\/2024\/12\/Route24_word-scaled.jpg 1962w\" sizes=\"auto, (max-width: 785px) 100vw, 785px\" \/><\/figure>\n\n\n\n<p><br>Eine Auflistung der einzelnen Etappen von VLINDER 2024 haben wir auf der Webseite zusammengestellt, die Ihr <a href=\"https:\/\/www.martin-hausboot.de\/?page_id=268\">hier<\/a> findet.<\/p>\n\n\n\n<p>Berichte und viele Fotos von unserer 1200 Km langen Reise von Gent bis nach Saint-Jean-de-Losne gibt es im <a href=\"https:\/\/blog.blu-venture.de\/category\/tagebuch-bluventure\/2024-vlinders-reisen\/\">Blog<\/a>.<\/p>\n\n\n\n<p>Wie es unseren G\u00e4sten gefallen hat, haben diese in vielen G\u00e4stekommentaren im G\u00e4stebuch hinterlassen. Die k\u00f6nnt Ihr <a href=\"https:\/\/blog.blu-venture.de\/category\/gastekommentare-zum-torn\/\">hier lesen<\/a>.<\/p>\n\n\n\n<p>Einige haben auch bei <a href=\"https:\/\/www.handgegenkoje.de\/angebote\/inserenten\/blu-venture\/bewertungen.html\">Hand-gegen-Koje Bewertungen<\/a> hinterlassen.<\/p>\n\n\n\n<p>Also dann viele Gr\u00fc\u00dfe und auf bald euer<br>Kanal und Ozean Skipper \ud83d\ude09<\/p>\n\n\n\n<p><strong>Martin<\/strong><\/p>\n","protected":false},"excerpt":{"rendered":"<p>Euch allen w\u00fcnsche ich fr\u00f6hliche und besinnliche Tage bis Weihnachten, ein sch\u00f6nes Fest mit Euren Lieben und nat\u00fcrlich einen super Rutsch ins neue Jahr! Segeln und Flusskreuzfahrten 2025 Segeln im Pazifik 2025 Am 11. Januar geht\u2019s schon los:zwei Mal drei Wochen Segeln mit einer Catana 55 in French Polynesien.Wir werden alle Gesellschaftsinseln, die das sind:Tahiti, [&hellip;]<\/p>\n","protected":false},"author":2,"featured_media":0,"parent":0,"menu_order":0,"comment_status":"closed","ping_status":"closed","template":"","meta":{"footnotes":""},"class_list":["post-468","page","type-page","status-publish","hentry"],"_links":{"self":[{"href":"https:\/\/www.martin-hausboot.de\/index.php?rest_route=\/wp\/v2\/pages\/468","targetHints":{"allow":["GET"]}}],"collection":[{"href":"https:\/\/www.martin-hausboot.de\/index.php?rest_route=\/wp\/v2\/pages"}],"about":[{"href":"https:\/\/www.martin-hausboot.de\/index.php?rest_route=\/wp\/v2\/types\/page"}],"author":[{"embeddable":true,"href":"https:\/\/www.martin-hausboot.de\/index.php?rest_route=\/wp\/v2\/users\/2"}],"replies":[{"embeddable":true,"href":"https:\/\/www.martin-hausboot.de\/index.php?rest_route=%2Fwp%2Fv2%2Fcomments&post=468"}],"version-history":[{"count":2,"href":"https:\/\/www.martin-hausboot.de\/index.php?rest_route=\/wp\/v2\/pages\/468\/revisions"}],"predecessor-version":[{"id":470,"href":"https:\/\/www.martin-hausboot.de\/index.php?rest_route=\/wp\/v2\/pages\/468\/revisions\/470"}],"wp:attachment":[{"href":"https:\/\/www.martin-hausboot.de\/index.php?rest_route=%2Fwp%2Fv2%2Fmedia&parent=468"}],"curies":[{"name":"wp","href":"https:\/\/api.w.org\/{rel}","templated":true}]}}