{"id":466,"date":"2024-12-06T08:53:49","date_gmt":"2024-12-06T08:53:49","guid":{"rendered":"https:\/\/www.martin-hausboot.de\/?page_id=466"},"modified":"2024-12-06T08:53:49","modified_gmt":"2024-12-06T08:53:49","slug":"04-05-2024-hausboot-und-pazifiktoern","status":"publish","type":"page","link":"https:\/\/www.martin-hausboot.de\/?page_id=466","title":{"rendered":"04.05.2024 &#8211; Hausboot und Pazifikt\u00f6rn"},"content":{"rendered":"\n<p>Sicher fragt ihr euch wie das zusammen passt \u2013<br>und nein ich will nicht mit dem Hausboot in den Pazifik.<br><strong>Also der Reihe nach:<\/strong><br>Die diesj\u00e4hrige Hausboot-Saison beginnt jetzt im Juni,<br>endet dann im Sp\u00e4therbst in Frankreich und geht ab April\/Mai 2025 wieder los.<\/p>\n\n\n\n<p>Dazwischen ist Zeit f\u00fcr warme Gefilde wenn es bei uns kalt na\u00df und grau ist,<br>zum Beispiel in der S\u00fcdsee (Polynesien mit Tahiti und den Gesellschafftsinseln).<\/p>\n\n\n\n<p>Details zu beiden Angeboten siehe weiter unten.<\/p>\n\n\n\n<h3 class=\"wp-block-heading\">Hausboot-Reisen<\/h3>\n\n\n\n<p>Noch ist die Webseite in Arbeit aber hier schon mal die ersten Infos:<\/p>\n\n\n\n<p>Die Hausboot-Reisen starten am 15. Juni 2024 in Gent (Belgien).<br>Zun\u00e4chst geht es auf der SCHELDE \u00fcber Bossuit nach Tournai,<br>dann weiter auf dem Kanal NIMY-BLATON-PERONNES \u00fcber Mons, Charleroi und Namur<br>wo wir in die MEUSE (MAAS) einm\u00fcnden bis zur franz\u00f6sischen Grenze bei Givet.<br>In Givet wollen wir um den 15 Juli ankommen.<\/p>\n\n\n\n<p>Auf dieser Strecke erwarten uns nette kleine und geschichtstr\u00e4chtige Orte,<br>diverse Schleusen und ein \u201eBootsfahrstuhl\u201c mit 73,15 m bei Thieu.<br>Wir werden jeden Tag ca. 20-30 Km dahinschippern und den Rest des Tages,<br>sowie den darauffolgenden Pause machen.<br>Diese Zeit k\u00f6nnen wir f\u00fcr Ausfl\u00fcge und Besichtigungen sowie zum relaxen benutzen.<br>Daf\u00fcr stehen f\u00fcnf R\u00e4der zur Verf\u00fcgung, davon zwei e-Bikes.<\/p>\n\n\n\n<figure class=\"wp-block-image size-full\"><img loading=\"lazy\" decoding=\"async\" width=\"486\" height=\"321\" src=\"https:\/\/www.martin-hausboot.de\/wp-content\/uploads\/2024\/12\/image.png\" alt=\"\" class=\"wp-image-390\" srcset=\"https:\/\/www.martin-hausboot.de\/wp-content\/uploads\/2024\/12\/image.png 486w, https:\/\/www.martin-hausboot.de\/wp-content\/uploads\/2024\/12\/image-300x198.png 300w\" sizes=\"auto, (max-width: 486px) 100vw, 486px\" \/><\/figure>\n\n\n\n<p>Wer hier gerne ein St\u00fcck dabei sein m\u00f6chte,<br>der schreibt mir einfach eine <a href=\"mailto:toerns@blu-venture.de\">Mail<\/a> und\/oder kontaktiert mich per WApp unter +49-176 2239 7943.<\/p>\n\n\n\n<p>Ab drei Tagen an Bord ist alles m\u00f6glich.<br>Ein- und aussteigen ist \u00fcberall auf der Strecke m\u00f6glich.<br>Da immer ein Auto parallel mit von der Partie ist,<br>kann ich euch jederzeit irgendwo in der N\u00e4he abholen oder<br>auch wieder zu eurem Auto und\/oder zu den \u00f6ffentlichen Verkehrsmitteln bringen.<\/p>\n\n\n\n<p>Einige Bilder und die entsprechende Beschreibung vom Hausboot VLINDER findet ihr unter <a href=\"https:\/\/blog.blu-venture.de\/2024\/04\/25\/ein-neues-boot\/\" target=\"_blank\" rel=\"noreferrer noopener\">hier<\/a>.<\/p>\n\n\n\n<p>Zum Mitfahren auf VLINDER gibt es zwei G\u00e4stekabinen.<br>Eine mit einem Doppelbett und eine mit zwei Einzelbetten \u2013 beide im vorderen Teil,<br>dort befindet sich auch ein gro\u00dfz\u00fcgiges Bad mit DU\/WC, Waschbecken und Waschmaschine.<\/p>\n\n\n\n<p>Die Routenbeschreibungen nach dem 15. Juli ab Givet (Frankreich)<br>werden alsbald auf der neuen Webseite ver\u00f6ffentlicht.<\/p>\n\n\n\n<h3 class=\"wp-block-heading\">Pazifikt\u00f6rn \u2013 French Polynesien Im Jan-Feb-2025<\/h3>\n\n\n\n<p>Vom 11. Januar bis 22. Februar 2025 k\u00f6nnte ich<br>einen Katamaran vom <a href=\"https:\/\/ws.nausys.com\/CBMS-external\/rest\/yacht\/10236769\/html?lang=de&amp;rid=902278785&amp;rsc=13ea74f7f4688d1182991889b2dec5e0\" target=\"_blank\" rel=\"noreferrer noopener\">Typ CATANA 55<\/a> organisieren.<br><br>Zwei, jeweils dreiw\u00f6chige T\u00f6rns sind m\u00f6glich:<br>11.01.25 bis 01.02.25 Tahiti nach Bora-Bora und<br>01.02.25 bis 22.02.25 Bora-Bora nach Tahiti<\/p>\n\n\n\n<p>Die <a href=\"https:\/\/ws.nausys.com\/CBMS-external\/rest\/yacht\/10236769\/html?lang=de&amp;rid=902278785&amp;rsc=13ea74f7f4688d1182991889b2dec5e0\" target=\"_blank\" rel=\"noreferrer noopener\">CATANA 55<\/a> hat 6 Doppelkabinen mit 6 Nasszellen.<br>Wir werden aber nur maximal 10 Personen auf diesem<br>ger\u00e4umigen und flotten Katamaran sein.<\/p>\n\n\n\n<p>Der erste T\u00f6rn startet in Papeete auf Tahiti, f\u00fchrt uns \u00fcber Moorea,<br>nach Huahine, dann zu dem gemeinsamen Atoll von Raiatea und Tahaa und<br>weiter nach Bora-Bora mit einem Abstecher nach Maupiti.<br><br>Der zweite T\u00f6rn dann in umgekehrter Reihenfolge.<br>Insgesamt Segeln wir ca. 300 Meilen mit einer Nachtfahrt<br>auf der Strecke von Moorea nach Huahine<\/p>\n\n\n\n<p>Alles wundersch\u00f6ne Inseln, mit Regenw\u00e4ldern, traumhaften Sandstr\u00e4nden,<br>tollen Riffen zum Schnorcheln, historischen kulturellen St\u00e4tten und kleineren Orten.<br>Wir k\u00f6nnen au\u00dfer Segeln, Schwimmen und Schnorcheln und dabei Rochen, Haie<br>und die diversen vielen bunten Riff-Fische betrachten.<br>Auf dem Programm k\u00f6nnen zudem diverse Ausfl\u00fcge stehen, wie Radeln und\/oder<br>Wandern oder uns von einem einheimischen Guide \u00fcber die Inseln chauffieren lassen.<\/p>\n\n\n\n<figure class=\"wp-block-image size-full\"><img loading=\"lazy\" decoding=\"async\" width=\"409\" height=\"273\" src=\"https:\/\/www.martin-hausboot.de\/wp-content\/uploads\/2024\/12\/image-1.png\" alt=\"\" class=\"wp-image-391\" srcset=\"https:\/\/www.martin-hausboot.de\/wp-content\/uploads\/2024\/12\/image-1.png 409w, https:\/\/www.martin-hausboot.de\/wp-content\/uploads\/2024\/12\/image-1-300x200.png 300w\" sizes=\"auto, (max-width: 409px) 100vw, 409px\" \/><\/figure>\n\n\n\n<p>Der Mitsegelpreis inklusive mir als Skipper<br>sowie Beiboot mit 15PS AB,<br>Handtuch, Bettw\u00e4sche und Endreinigung<\/p>\n\n\n\n<p>Betr\u00e4gt \u20ac 2.950,&#8211; \/Mitsegler in einer Doppelkabine oder<br>\u20ac 4.450,&#8211; \/Mitsegler in einer Einzelkabine<br>zzgl. Bordkasse f\u00fcr Verpflegung (Skipper ist frei), Diesel und Hafengeb\u00fchren.<br>Extras wie \u00fcblich: An- und Abreise, Landausfl\u00fcge und pers\u00f6nliche Ausgaben.<\/p>\n\n\n\n<p>Wer sich verbindlich bis 31. Mai anmeldet, dem kann ich auf 5% Nachlass gew\u00e4hren.<\/p>\n\n\n\n<p><a href=\"mailto:toerns@blu-venture.de\">Schreibt mir<\/a> rasch wie ihr dar\u00fcber denkt.<br>Ich w\u00fcrde mich freuen euch dieses wundersch\u00f6ne<br>S\u00fcdsee-Revier zeigen zu k\u00f6nnen.<\/p>\n\n\n\n<p><strong><em>Also dann bis auf bald an Bord von VLINDER und\/oder<br>auf dem Kat in French Polynesien<\/em><\/strong><\/p>\n\n\n\n<p><strong><em>Euer Flu\u00dfkapit\u00e4n und Skipper <\/em>Martin<\/strong><\/p>\n","protected":false},"excerpt":{"rendered":"<p>Sicher fragt ihr euch wie das zusammen passt \u2013und nein ich will nicht mit dem Hausboot in den Pazifik.Also der Reihe nach:Die diesj\u00e4hrige Hausboot-Saison beginnt jetzt im Juni,endet dann im Sp\u00e4therbst in Frankreich und geht ab April\/Mai 2025 wieder los. Dazwischen ist Zeit f\u00fcr warme Gefilde wenn es bei uns kalt na\u00df und grau ist,zum [&hellip;]<\/p>\n","protected":false},"author":2,"featured_media":0,"parent":0,"menu_order":0,"comment_status":"closed","ping_status":"closed","template":"","meta":{"footnotes":""},"class_list":["post-466","page","type-page","status-publish","hentry"],"_links":{"self":[{"href":"https:\/\/www.martin-hausboot.de\/index.php?rest_route=\/wp\/v2\/pages\/466","targetHints":{"allow":["GET"]}}],"collection":[{"href":"https:\/\/www.martin-hausboot.de\/index.php?rest_route=\/wp\/v2\/pages"}],"about":[{"href":"https:\/\/www.martin-hausboot.de\/index.php?rest_route=\/wp\/v2\/types\/page"}],"author":[{"embeddable":true,"href":"https:\/\/www.martin-hausboot.de\/index.php?rest_route=\/wp\/v2\/users\/2"}],"replies":[{"embeddable":true,"href":"https:\/\/www.martin-hausboot.de\/index.php?rest_route=%2Fwp%2Fv2%2Fcomments&post=466"}],"version-history":[{"count":1,"href":"https:\/\/www.martin-hausboot.de\/index.php?rest_route=\/wp\/v2\/pages\/466\/revisions"}],"predecessor-version":[{"id":467,"href":"https:\/\/www.martin-hausboot.de\/index.php?rest_route=\/wp\/v2\/pages\/466\/revisions\/467"}],"wp:attachment":[{"href":"https:\/\/www.martin-hausboot.de\/index.php?rest_route=%2Fwp%2Fv2%2Fmedia&parent=466"}],"curies":[{"name":"wp","href":"https:\/\/api.w.org\/{rel}","templated":true}]}}