{"id":30,"date":"2024-05-16T14:56:05","date_gmt":"2024-05-16T14:56:05","guid":{"rendered":"https:\/\/www.martin-hausboot.de\/?page_id=30"},"modified":"2025-10-24T19:18:07","modified_gmt":"2025-10-24T19:18:07","slug":"mitfahren","status":"publish","type":"page","link":"https:\/\/www.martin-hausboot.de\/?page_id=30","title":{"rendered":"Mitfahren"},"content":{"rendered":"\n<h2 class=\"wp-block-heading\">Zeit an Bord von VLINDER erleben<br>&#8230; weil Vlindern macht Spa\u00df \ud83d\ude09<\/h2>\n\n\n\n<h3 class=\"wp-block-heading\">Wann und Wo:<\/h3>\n\n\n\n<p>Mitfahren k\u00f6nnt ihr jederzeit so lange wie ihr m\u00f6chtet.<br>Wir haben in zwei G\u00e4stekabinen jeweils Platz f\u00fcr Zwei.<br>Wo VLINDER gerade unterwegs sein wird k\u00f6nnt ihr im <a href=\"https:\/\/www.martin-hausboot.de\/?page_id=24\">Routenplan<\/a> nachschauen.<\/p>\n\n\n\n<p>Wenn ihr genauere Informationen ben\u00f6tigt,<br>dann<a href=\"https:\/\/www.martin-hausboot.de\/?page_id=26\"> kontaktiert<\/a> uns bitte.<br><\/p>\n\n\n\n<h3 class=\"wp-block-heading\">An Bord von VLINDER<\/h3>\n\n\n\n<p>Wir fahren t\u00e4glich zwischen 5 und 25 Km und ben\u00f6tigen daf\u00fcr eine bis f\u00fcnf Stunden.<br>Meist starten wir nach dem gemeinsamen Fr\u00fchst\u00fcck und sind dann bis zum Nachmittag<br>bei Kaffee und Kuchen am n\u00e4chsten Liegeplatz.<\/p>\n\n\n\n<p>Dann haben wir Zeit f\u00fcr Ausfl\u00fcge, Relaxen, Spazieren gehen, Wandern, Radeln, Golfen und Einkaufen. Es gibt f\u00fcnf Fahrr\u00e4der f\u00fcr Ausfl\u00fcge in die Umgebung, ein Kanu um auf den Kan\u00e4len zu Paddeln, Liegest\u00fchle um an Deck ein Sonnenbad zu nehmen und viele Spiele sowie eine Bordkino.<br>Wer Lust hat geht Spazieren oder Joggen oder l\u00e4sst bei einem Drink an Bord die Seele in der Sonne baumeln.<br>Abends kochen wir meist gemeinsam was Leckeres oder gehen Essen. Danach lassen wir den Abend mit einem Glas Wein, guten Gespr\u00e4chen oder im Bordkino ausklingen.<\/p>\n\n\n\n<h3 class=\"wp-block-heading\">Mitfahrbeteiligung<\/h3>\n\n\n\n<ul class=\"wp-block-list\">\n<li>1-3 Tage \u20ac 90,&#8211; \/Pers.\/Nacht<\/li>\n\n\n\n<li>4-7 Tage \u20ac 80,&#8211; \/Pers.\/Nacht<\/li>\n\n\n\n<li>8-14 Tage \u20ac 70,&#8211; \/Pers.\/Nacht<\/li>\n<\/ul>\n\n\n\n<h3 class=\"wp-block-heading\">Im Preis inbegriffen sind<\/h3>\n\n\n\n<ul class=\"wp-block-list\">\n<li>Koje (Bett) in einer Doppelkabine<\/li>\n\n\n\n<li>Bettw\u00e4sche und Handt\u00fccher<\/li>\n\n\n\n<li>Wasser, Strom und Treibstoff<\/li>\n\n\n\n<li>Benutzung der R\u00e4der und des Kanu<\/li>\n\n\n\n<li>W-Lan an Bord<\/li>\n<\/ul>\n\n\n\n<h3 class=\"wp-block-heading\">Nebenkosten<\/h3>\n\n\n\n<ul class=\"wp-block-list\">\n<li>Anteilige Liegeplatzkosten<\/li>\n\n\n\n<li>Einzelkabine 50% Aufpreis<\/li>\n\n\n\n<li>Kinder bis 14 Jahre zahlen nur 50%<\/li>\n\n\n\n<li>Essen an Bord wird \u00fcber eine Bordkasse bestritten in die jeder,<br>au\u00dfer der Crew (Skipper Martin und Sylvia) zu gleich Teilen einzahlt.<\/li>\n\n\n\n<li>Kosten, die bei Ausfl\u00fcgen oder im Restaurant entstehen, zahlt jeder selber.<\/li>\n<\/ul>\n","protected":false},"excerpt":{"rendered":"<p>Zeit an Bord von VLINDER erleben&#8230; weil Vlindern macht Spa\u00df \ud83d\ude09 Wann und Wo: Mitfahren k\u00f6nnt ihr jederzeit so lange wie ihr m\u00f6chtet.Wir haben in zwei G\u00e4stekabinen jeweils Platz f\u00fcr Zwei.Wo VLINDER gerade unterwegs sein wird k\u00f6nnt ihr im Routenplan nachschauen. Wenn ihr genauere Informationen ben\u00f6tigt,dann kontaktiert uns bitte. An Bord von VLINDER Wir fahren [&hellip;]<\/p>\n","protected":false},"author":3,"featured_media":0,"parent":0,"menu_order":0,"comment_status":"closed","ping_status":"closed","template":"","meta":{"footnotes":""},"class_list":["post-30","page","type-page","status-publish","hentry"],"_links":{"self":[{"href":"https:\/\/www.martin-hausboot.de\/index.php?rest_route=\/wp\/v2\/pages\/30","targetHints":{"allow":["GET"]}}],"collection":[{"href":"https:\/\/www.martin-hausboot.de\/index.php?rest_route=\/wp\/v2\/pages"}],"about":[{"href":"https:\/\/www.martin-hausboot.de\/index.php?rest_route=\/wp\/v2\/types\/page"}],"author":[{"embeddable":true,"href":"https:\/\/www.martin-hausboot.de\/index.php?rest_route=\/wp\/v2\/users\/3"}],"replies":[{"embeddable":true,"href":"https:\/\/www.martin-hausboot.de\/index.php?rest_route=%2Fwp%2Fv2%2Fcomments&post=30"}],"version-history":[{"count":16,"href":"https:\/\/www.martin-hausboot.de\/index.php?rest_route=\/wp\/v2\/pages\/30\/revisions"}],"predecessor-version":[{"id":725,"href":"https:\/\/www.martin-hausboot.de\/index.php?rest_route=\/wp\/v2\/pages\/30\/revisions\/725"}],"wp:attachment":[{"href":"https:\/\/www.martin-hausboot.de\/index.php?rest_route=%2Fwp%2Fv2%2Fmedia&parent=30"}],"curies":[{"name":"wp","href":"https:\/\/api.w.org\/{rel}","templated":true}]}}