{"id":28,"date":"2024-05-16T14:55:00","date_gmt":"2024-05-16T14:55:00","guid":{"rendered":"https:\/\/www.martin-hausboot.de\/?page_id=28"},"modified":"2025-12-26T10:37:15","modified_gmt":"2025-12-26T10:37:15","slug":"blog","status":"publish","type":"page","link":"https:\/\/www.martin-hausboot.de\/?page_id=28","title":{"rendered":"Blog, Standort, Newsletter"},"content":{"rendered":"\n<h3 class=\"wp-block-heading\">Blog von blu:venture (Flusskreuzfahrten und Segeln)<\/h3>\n\n\n\n<p>Im <strong><a href=\"http:\/\/blog.blu-venture.de\" target=\"_blank\" rel=\"noreferrer noopener\">Blog<\/a><\/strong> schreiben wir fast t\u00e4glich was wir so auf unseren Touren erleben. Somit kannst Du fast live dabei sein wenn wir mit <a href=\"http:\/\/www.martin-hausboot.de\/?page_id=20\">VLINDER<\/a> auf den Fl\u00fcssen und Kan\u00e4len gem\u00fctlich dahin schippern.<\/p>\n\n\n\n<hr class=\"wp-block-separator has-alpha-channel-opacity\"\/>\n\n\n\n<h3 class=\"wp-block-heading\">Standort von VLINDER<\/h3>\n\n\n\n    <div id=\"victronMap\" style=\"height:400px;\"><\/div>\n    <link rel=\"stylesheet\" href=\"https:\/\/unpkg.com\/leaflet@1.9.4\/dist\/leaflet.css\" \/>\n    <script src=\"https:\/\/unpkg.com\/leaflet@1.9.4\/dist\/leaflet.js\"><\/script>\n    <script>\n    document.addEventListener(\"DOMContentLoaded\", function(){\n        var map = L.map(\"victronMap\").setView([0, 0], 2);\n        L.tileLayer(\"https:\/\/{s}.tile.openstreetmap.org\/{z}\/{x}\/{y}.png\", {\n            maxZoom: 19,\n            attribution: \"\u00a9 OpenStreetMap\"\n        }).addTo(map);\n\n        var marker = null;\n\n        async function updatePosition() {\n            try {\n                const response = await fetch(\"https:\/\/www.martin-hausboot.de\/wp-admin\/admin-ajax.php?action=victron_get_position\");\n                const data = await response.json();\n                if (data.lat && data.lon) {\n                    if (!marker) {\n                        marker = L.marker([data.lat, data.lon]).addTo(map);\n                        map.setView([data.lat, data.lon], 12);\n                    } else {\n                        marker.setLatLng([data.lat, data.lon]);\n                    }\n                    if (data.timestamp) {\n                        console.log(\"Letztes Update:\", new Date(data.timestamp * 1000).toLocaleString());\n                    }\n                }\n            } catch(e) {\n                console.error(\"Fehler beim Abruf der Position:\", e);\n            }\n        }\n\n        updatePosition(); \/\/ beim Laden\n        setInterval(updatePosition, 300000); \/\/ alle 5 Minuten neu abrufen\n    });\n    <\/script>\n    \n\n\n\n<hr class=\"wp-block-separator has-alpha-channel-opacity\"\/>\n\n\n\n<h3 class=\"wp-block-heading\">Aktuelle Newsletter<\/h3>\n\n\n\n<ul class=\"wp-block-list\">\n<li><a href=\"https:\/\/www.martin-hausboot.de\/?page_id=777\" data-type=\"page\" data-id=\"777\" target=\"_blank\" rel=\"noreferrer noopener\">26.12.2025 Gl\u00fcck auf nach 2026 Segelt\u00f6rns<\/a><\/li>\n\n\n\n<li><a href=\"https:\/\/www.martin-hausboot.de\/?page_id=765\" data-type=\"page\" data-id=\"765\" target=\"_blank\" rel=\"noreferrer noopener\">25.10.2025 Paradiesische Segelurlaube und klassische Hausbootfahrten 2026\/27<\/a><\/li>\n\n\n\n<li><a href=\"https:\/\/www.martin-hausboot.de\/?page_id=532\" target=\"_blank\" rel=\"noreferrer noopener\">16.03.2025 Hausbootfahrten und S\u00fcdseesegeln<\/a><\/li>\n\n\n\n<li><a href=\"https:\/\/www.martin-hausboot.de\/?page_id=468\" data-type=\"page\" data-id=\"468\" target=\"_blank\" rel=\"noreferrer noopener\">06.12.2024 Frohe Weihnachten und guten Rutsch<\/a><\/li>\n\n\n\n<li><a href=\"https:\/\/www.martin-hausboot.de\/?page_id=471\" data-type=\"page\" data-id=\"471\" target=\"_blank\" rel=\"noreferrer noopener\">30.06.2024 VLINDER in BELGIEN<\/a><\/li>\n\n\n\n<li><a href=\"https:\/\/www.martin-hausboot.de\/?page_id=466\" data-type=\"page\" data-id=\"466\" target=\"_blank\" rel=\"noreferrer noopener\">04.05.2024 Hausboot und Pazifikt\u00f6rn<\/a><\/li>\n<\/ul>\n\n\n\n<p>Wenn Ihr den <strong>Newsletter<\/strong> in Zukunft direkt bekommen m\u00f6chtet,<br>k\u00f6nnt ihr euch <a href=\"mailto:info@martin-hausboot.de\"><strong>hier<\/strong><\/a> daf\u00fcr anmelden und bekommt auf eure erste Buchung <strong>10% Nachlass<\/strong>.<\/p>\n","protected":false},"excerpt":{"rendered":"<p>Blog von blu:venture (Flusskreuzfahrten und Segeln) Im Blog schreiben wir fast t\u00e4glich was wir so auf unseren Touren erleben. Somit kannst Du fast live dabei sein wenn wir mit VLINDER auf den Fl\u00fcssen und Kan\u00e4len gem\u00fctlich dahin schippern. Standort von VLINDER Aktuelle Newsletter Wenn Ihr den Newsletter in Zukunft direkt bekommen m\u00f6chtet,k\u00f6nnt ihr euch hier [&hellip;]<\/p>\n","protected":false},"author":3,"featured_media":0,"parent":0,"menu_order":0,"comment_status":"closed","ping_status":"closed","template":"","meta":{"footnotes":""},"class_list":["post-28","page","type-page","status-publish","hentry"],"_links":{"self":[{"href":"https:\/\/www.martin-hausboot.de\/index.php?rest_route=\/wp\/v2\/pages\/28","targetHints":{"allow":["GET"]}}],"collection":[{"href":"https:\/\/www.martin-hausboot.de\/index.php?rest_route=\/wp\/v2\/pages"}],"about":[{"href":"https:\/\/www.martin-hausboot.de\/index.php?rest_route=\/wp\/v2\/types\/page"}],"author":[{"embeddable":true,"href":"https:\/\/www.martin-hausboot.de\/index.php?rest_route=\/wp\/v2\/users\/3"}],"replies":[{"embeddable":true,"href":"https:\/\/www.martin-hausboot.de\/index.php?rest_route=%2Fwp%2Fv2%2Fcomments&post=28"}],"version-history":[{"count":39,"href":"https:\/\/www.martin-hausboot.de\/index.php?rest_route=\/wp\/v2\/pages\/28\/revisions"}],"predecessor-version":[{"id":780,"href":"https:\/\/www.martin-hausboot.de\/index.php?rest_route=\/wp\/v2\/pages\/28\/revisions\/780"}],"wp:attachment":[{"href":"https:\/\/www.martin-hausboot.de\/index.php?rest_route=%2Fwp%2Fv2%2Fmedia&parent=28"}],"curies":[{"name":"wp","href":"https:\/\/api.w.org\/{rel}","templated":true}]}}