{"id":26,"date":"2024-05-16T14:54:47","date_gmt":"2024-05-16T14:54:47","guid":{"rendered":"https:\/\/www.martin-hausboot.de\/?page_id=26"},"modified":"2025-10-24T19:34:13","modified_gmt":"2025-10-24T19:34:13","slug":"kontakt","status":"publish","type":"page","link":"https:\/\/www.martin-hausboot.de\/?page_id=26","title":{"rendered":"FAQs und Kontakt"},"content":{"rendered":"\n<h2 class=\"wp-block-heading\">Fragen zu VLINDERs Flusskreuzfahrten<\/h2>\n\n\n\n<p>Mail an Martin: <a href=\"mailto:Info@martin-hausboot.de\">Info@martin-hausboot.de<\/a><br>oder<br>Martin Mobile \/ WAPP : +49-176-22397943<\/p>\n\n\n\n<h2 class=\"wp-block-heading\">FAQs &#8211; h\u00e4ufig gestellte Fragen<\/h2>\n\n\n\n<h2 class=\"wp-block-heading has-text-align-left\">Fragen zur Ausr\u00fcstung<\/h2>\n\n\n\n<h3 class=\"wp-block-heading\">Gibt es eine Heizung an Bord<\/h3>\n\n\n\n<p>Ja, es gibt eine Oel-Zentralheizung mit Heizk\u00f6rpern in allen R\u00e4umen<\/p>\n\n\n\n<h3 class=\"wp-block-heading\">Gibt es Trinkwasser an Bord<\/h3>\n\n\n\n<p>VLINDER verf\u00fcgt \u00fcber 2500 Liter Trinkwassertanks,<br>die k\u00f6nnen wir an vielen Liegepl\u00e4tzen wieder auff\u00fcllen<\/p>\n\n\n\n<h3 class=\"wp-block-heading\">Gibt es Warmwasser an Bord<\/h3>\n\n\n\n<p>Ja, es gibt einen 150 Liter gro\u00dfen Warmwasserboiler<br>der elektrisch geheizt wird<\/p>\n\n\n\n<h3 class=\"wp-block-heading\">Gibt es Bettw\u00e4sche und Handt\u00fccher<\/h3>\n\n\n\n<p>Ja, Bettdecke, Kopfkissen und zwei Handt\u00fccher wird beides gestellt<\/p>\n\n\n\n<h3 class=\"wp-block-heading\">Gibt es Steckdosen f\u00fcr Ladeger\u00e4te<\/h3>\n\n\n\n<p>Ja, es gibt \u00fcberall 230V Schuko-Steckdosen,<br>die normalerweise auch immer in Betrieb sind<\/p>\n\n\n\n<h3 class=\"wp-block-heading\">Wie ist die elektrische Versorgung<\/h3>\n\n\n\n<p>VLINDER hat sechs gro\u00dfe Solarpaneele, die unter normalen Bedingungen die Stromversorgung an Bord sicherstellen. Sollte die Sonne mal l\u00e4nger nicht scheinen k\u00f6nnen wir mit einem 8,5 KW Generator Strom erzeugen und die Batterien (400Ah bei 24V) wieder aufladen.<\/p>\n\n\n\n<h3 class=\"wp-block-heading\">Gibt es eine Kaffeemaschine an Bord<\/h3>\n\n\n\n<p>Ja, einen Siemens Vollautomaten f\u00fcr frische Kaffeebohnen<\/p>\n\n\n\n<h3 class=\"wp-block-heading\">Gibt es einen Grill an Bord<\/h3>\n\n\n\n<p>Ja, einen speziellen KOBE-Grill mit Kohlen<\/p>\n\n\n\n<h3 class=\"wp-block-heading\">Welche Zusatzausr\u00fcstung gib es an Bord<\/h3>\n\n\n\n<p>Ein aufblasbares Kanu f\u00fcr zwei Personen<br>zwei E-Bike-Klappr\u00e4der<br>ein Klapprad mit Kettenschaltung<br>zwei Damenr\u00e4der mit Nabenschaltung und R\u00fccktritt<\/p>\n\n\n\n<h2 class=\"wp-block-heading\">Fragen zur Sicherheit<\/h2>\n\n\n\n<h3 class=\"wp-block-heading\">Sind Rettungswesten an Bord vorhanden<\/h3>\n\n\n\n<p>Ja, f\u00fcr jeden Mitfahrer gibt es eine gepr\u00fcfte Rettungsweste<br>Kinderrettungswesten bitte selber mitbringen<\/p>\n\n\n\n<h3 class=\"wp-block-heading\">Gibt es Feuerl\u00f6scher an Bord<\/h3>\n\n\n\n<p>Ja, mehrere sind an verschiedenen Stellen vorhanden:<br>In der Pantry\/K\u00fcche gibt es auch noch eine Brandschutzdecke<\/p>\n\n\n\n<h3 class=\"wp-block-heading\">Ist VLINDER versichert<\/h3>\n\n\n\n<p>Ja, Vlinder ist Kasko- und Haftplicht versichert<\/p>\n\n\n\n<h3 class=\"wp-block-heading\">Bin ich als Mitfahrer versichert<\/h3>\n\n\n\n<p>Ja, allerdings nur im Rahmen der Haftpflichtversicherung von VLINDER.<br>Eine eigene Haftpflichtversicherung f\u00fcr Sch\u00e4den,<br>die gegebenenfalls durch Mitfahrer verursacht werden, ist empfehlenswert<\/p>\n\n\n\n<h3 class=\"wp-block-heading\">Ist der Routenverlauf garantiert<\/h3>\n\n\n\n<p>Nein, weil auf Grund von Hochwasser k\u00f6nnen zeitlich begrenzte Einschr\u00e4nkungen erfolgen.<br>Dies gilt auch f\u00fcr zeitweilige Sperrungen von Schleusen und\/oder Kanalabschnitten durch die Beh\u00f6rden. Dies wird in aller Regel jedoch fr\u00fchzeitig bekannt gegeben und kann entsprechend geplant werden, so dass wir ausweichen k\u00f6nnen<\/p>\n\n\n\n<h3 class=\"wp-block-heading\">Gibt es \u00c4rzte und Apotheken im Fahrgebiet<\/h3>\n\n\n\n<p>Beides ist an sich immer nicht weit entfernt und mit dem Auto, welches immer parallel mit dabei ist, schnell erreichbar<\/p>\n\n\n\n<h2 class=\"wp-block-heading\">Allgemeine Fragen<\/h2>\n\n\n\n<h3 class=\"wp-block-heading\">Ist Rauchen an Bord gestattet<\/h3>\n\n\n\n<p>VLINDER ist ein Nichtraucher Boot<\/p>\n\n\n\n<h3 class=\"wp-block-heading\">Darf man Haustiere mitbringen<\/h3>\n\n\n\n<p>Bitte nicht, denn es gibt teilweise beh\u00f6rdliche Einschr\u00e4nkungen<br>und ggf. sind andere Mitsegler allergisch<\/p>\n\n\n\n<h3 class=\"wp-block-heading\">Ben\u00f6tige ich einen Bootsf\u00fchrerschein<\/h3>\n\n\n\n<p>Nein, als Mitfahrer ben\u00f6tigt man keinen Bootsf\u00fchrerschein,<br>jeder kann aber gerne mal das Steuerrad \u00fcbernehmen.<\/p>\n\n\n\n<h3 class=\"wp-block-heading\">Ist das Mitfahren auch f\u00fcr Kinder geeignet<\/h3>\n\n\n\n<p>Ab 5-6 Jahren ist es f\u00fcr Kinder sicherlich sehr interessant an Bord.<br>Es gibt aber auch eine Menge \u201eGefahren\u201c f\u00fcr Kids,<br>so dass altersabh\u00e4ngig immer eine Aufsichtsperson ben\u00f6tigt wird.<br>Kinderschwimmwesten m\u00fcssen selbst mitgebracht werden.<\/p>\n\n\n\n<h3 class=\"wp-block-heading\">Wie hoch und welche Nebenkosten gibt es<\/h3>\n\n\n\n<p>Es gibt keine bootsspezifischen Nebenkosten, diese sind bereits in den Mitfahrkosten enthalten, au\u00dfer anteligen Liegeplatzkosten.<br>Kosten, die bei Ausfl\u00fcgen und in Restaurants entstehen tr\u00e4gt jeder selber<\/p>\n\n\n\n<h3 class=\"wp-block-heading\">Ist Internet an Bord von VLINDER vorhanden<\/h3>\n\n\n\n<p>VLINDER hat ein eigenen W-LAN HOTSPOT der zur Verf\u00fcgung steht<br>Mit einem eigenem mobilen Datenvertrag kann man per Roaming auch<br>\u00fcberall in Europa im Web surfen<\/p>\n\n\n\n<h3 class=\"wp-block-heading\">Gibt es ein Entertainment Angebot<\/h3>\n\n\n\n<p>An Bord von VLINDER gibt es im Wohnbereich einen Flachbild-TV mit<br>SAT-Anschluss (ASTRA).<br>Im Steuerhaus gibt es ein Autoradio mit Bluetooth Lautsprecher.<br>F\u00fcr Kino-Abende ist ein kleiner Beamer\/Projektor mit Leinwand vorhanden, den wir auf Deck aufbauen k\u00f6nnen.<\/p>\n\n\n\n<h3 class=\"wp-block-heading\">Welche Einkaufsm\u00f6glichkeiten gibt es bei den Fahrten<\/h3>\n\n\n\n<p>Unterwegs gibt es bei fast jedem Liegeplatz einen Supermarkt und\/oder B\u00e4cker sowie weitere Einkaufsm\u00f6glichkeiten.<br>Mit dem Auto k\u00f6nnen wir ggf. auch mal weiter weg entfernte Gesch\u00e4fte erreichen<\/p>\n\n\n\n<h3 class=\"wp-block-heading\">Welche Aktivit\u00e4ten werden unternommen<\/h3>\n\n\n\n<p>Wir k\u00f6nnen Wandern oder Spazieren gehen, mit den Fahrr\u00e4dern radeln oder auch mal mit dem<br>\u201eBord\u201c-Auto einen Ausflug machen.<br>An einigen Orten kann man Reiten gehen oder ein Schwimmbad\/Freizeitpark besuchen<\/p>\n\n\n\n<h3 class=\"wp-block-heading\">Wo kann ich mein Auto Parken<\/h3>\n\n\n\n<p>Entlang der Fahrstrecke von VLINDER gibt es immer \u00f6ffentliche Parkplatzm\u00f6glichkeiten<\/p>\n\n\n\n<h3 class=\"wp-block-heading\">Wie ist die An- und Abreise organisiert<\/h3>\n\n\n\n<p>Ihr k\u00f6nnt mit dem Auto an- und abreisen. Wir holen die Autos meist immer t\u00e4glich per Fahrrad wieder zum aktuellen Liegeplatz von VLINDER zur\u00fcck.<br>An- und Abreise mit \u00f6ffentlichen Verkehrsmitteln ist ebenfalls m\u00f6glich, da wir Euch mit unserem Auto abholen und auch wieder bringen k\u00f6nnen, auch wenn der Bahnhof oder die Bus-Station etwas weiter entfernt sein sollte.<\/p>\n\n\n\n<h3 class=\"wp-block-heading\">Mit welchem Gep\u00e4ck sollte ich an Bord kommen<\/h3>\n\n\n\n<p>M\u00f6glichst nur mit Reisetasche und\/oder Rucksack anreisen. Die lassen sich gut in den Kabinen verstauen. Hartschalenkoffer sind eher ungeeignet.<\/p>\n\n\n\n<h3 class=\"wp-block-heading\">Ben\u00f6tige ich spezielle Kleidung<\/h3>\n\n\n\n<p>Es wird keine Spezielle Kleidung auf VLINDER ben\u00f6tigt.<br>Etwas regenfestes und was w\u00e4rmeres sollte jedoch immer dabei sein.<br>Spezielle Bordschuhe gibt es nicht. Am besten geeignet sind sicher Turnschuhe oder \u00e4hnliches.<\/p>\n\n\n\n<h3 class=\"wp-block-heading\">Hinweise f\u00fcr mobil eingeschr\u00e4nkte Mitfahrer<\/h3>\n\n\n\n<p>Es gibt auf VLINDER feste Treppen und f\u00fcr das an Land gehen vom Liegeplatz ist es oft erforderlich \u00fcber eine schmale Gangway zu gehen. Der umlaufende Walkway ist recht schmal und hat Stufen.<br>Es kann auch bei N\u00e4sse an Bord rutschig und glatt sein.<br>Daher ist VLINDER nicht unbedingt f\u00fcr mobil eingeschr\u00e4nkte Mitfahrer geeignet.<br>Bitte vorher gezielt <a href=\"mailto:info@martin-hausboot.de\">anfragen<\/a><\/p>\n\n\n\n<h2 class=\"wp-block-heading\">Unterwegs mit VLINDER<\/h2>\n\n\n\n<h3 class=\"wp-block-heading\">Kann ich eigne Fahrr\u00e4der und\/oder SUPs mitbringen<\/h3>\n\n\n\n<p>Wir haben f\u00fcnf Fahrr\u00e4der und ein Kanu an Bord.<br>Drei eurer R\u00e4der k\u00f6nnen wir zus\u00e4tzlich unterbringen.<br>Ihr k\u00f6nnt auch gerne bis zu zwei SUPs mitbringen, die wir auch aufgeblasen stauen k\u00f6nnen<\/p>\n\n\n\n<h3 class=\"wp-block-heading\">Insektenschutz<\/h3>\n\n\n\n<p>Alle Fenster haben ein Fliegengitter.<br>F\u00fcr Insektenschutz beim Sitzen im Freien muss bitte jeder selber sorgen<\/p>\n\n\n\n<h3 class=\"wp-block-heading\">Kochen an Bord von VLINDER<\/h3>\n\n\n\n<p>Wir haben an Bord einen vier-flammigen Gasherd, einen Backofen,<br>zus\u00e4tzlich ein zweier Induktionskochfeld und elektrischen Wasserkocher.<br>In der reichlich ausgestatteten K\u00fcche ist somit alles m\u00f6glich<\/p>\n\n\n\n<h3 class=\"wp-block-heading\">Ist Schwimmen unterwegs m\u00f6glich<\/h3>\n\n\n\n<p>Ja, in einigen Fl\u00fcssen und nahegelegen Gew\u00e4ssern oder \u00f6ffentlichen Schwimmb\u00e4dern.<br>Oft ist es in den Kan\u00e4len und bei den Schleusen jedoch nicht erlaubt.<br><\/p>\n\n\n\n<h3 class=\"wp-block-heading\">Welche Ausfl\u00fcge werden gemacht<\/h3>\n\n\n\n<p>Durch Spazieren, Wandern, Radeln oder mit dem Auto besuchen wir kleine Ortschaften, Museen, Schl\u00f6sser und sonstige Sehensw\u00fcrdigkeiten wie zum Beispiel auch Weing\u00fcter, die am Rande unserer Strecke liegen<\/p>\n\n\n\n<h3 class=\"wp-block-heading\">Wie erfolgen die t\u00e4glichen Fahrten<\/h3>\n\n\n\n<p>Wir fahren t\u00e4glich zwischen 5 und 25 Km und ben\u00f6tigen daf\u00fcr eine bis f\u00fcnf Stunden.<br>Hinzu kommt die Zeit f\u00fcr das Schleusen. Pro Schleuse kann man ohne Wartezeit 10-15 Minuten rechnen.<br>Meist starten wir nach dem Fr\u00fchst\u00fcck und sind dann bis zum Nachmittag am n\u00e4chsten Liegeplatz.<br>Dann holen wir in aller Regel mit den Fahrr\u00e4dern die Autos zum Liegeplatz.<br>Auf dem Weg zum Auto oder Retour k\u00f6nnen wir Sightseeingstopps machen oder einkaufen gehen.<br>Nach einem Tag unterwegs machen wir \u00f6fter einen Tag Pause f\u00fcr weitere Ausfl\u00fcge oder Besichtigungen.<\/p>\n\n\n\n<h3 class=\"wp-block-heading\">Wie schnell ist Vlinder<\/h3>\n\n\n\n<p>Die H\u00f6chstgeschwindigkeit auf Kan\u00e4len ist meistens 6-8 Km\/h.<br>Vlinder ist mit beschaulicher Geschwindigkeit von ca. 5 Km\/h unterwegs.<br>Da kann man auch mal an der Fahrstrecke parallel spazierengehend mitlaufen.<\/p>\n\n\n\n<h3 class=\"wp-block-heading\">Muss ich an Bord helfen<\/h3>\n\n\n\n<p>Niemand muss an Bord helfen, aber jede und jeder darf.<br>Martin und Sylvia sind mittlerweile ein sehr gut eingespieltes Team beim Anlegen und den Schleusen.<br>Aber wer m\u00f6chte kann nat\u00fcrlich gerne Leinenarbeit \u00fcbernehmen oder auch am Steuer stehen<\/p>\n\n\n\n<h3 class=\"wp-block-heading\">Kann man von Bord aus Angeln<\/h3>\n\n\n\n<p>Am Liegeplatz kann gerne geangelt werden, sofern ihr eigene Angelausr\u00fcstung mitbringt.<br>An Bord ist keine Angelausr\u00fcstung vorhanden.<br>Eine beh\u00f6rdliche Angelgenehmigung ist erforderlich, die man in Frankreich recht einfach in diversen Gesch\u00e4ften erwerben kann.<br>W\u00e4hrend der Fahrt ist Angeln nicht erlaubt<\/p>\n\n\n\n<h3 class=\"wp-block-heading\">In welchem Fahrtgebiet ist VLINDER unterwegs<\/h3>\n\n\n\n<p>Siehe hierzu bitte unseren <a href=\"http:\/\/www.martin-hausboot.de\/?page_id=24\">Routenplan<\/a> mit ausf\u00fchrlichen Streckenbeschreibungen<\/p>\n\n\n\n<h3 class=\"wp-block-heading\">Gibt es eine mindest Mitfahrdauer<\/h3>\n\n\n\n<p>Zwei bis drei Tage sollten es schon sein um einen Eindruck zu bekommen und die vielf\u00e4ltige Landschaft mit allem drum und dran genie\u00dfen zu k\u00f6nnen.<\/p>\n\n\n\n<p>Ausf\u00fchrliche Infos zum Mitfahren auf VLINDER gibt es <a href=\"http:\/\/www.martin-hausboot.de\/?page_id=30\">hier<\/a><\/p>\n","protected":false},"excerpt":{"rendered":"<p>Fragen zu VLINDERs Flusskreuzfahrten Mail an Martin: Info@martin-hausboot.deoderMartin Mobile \/ WAPP : +49-176-22397943 FAQs &#8211; h\u00e4ufig gestellte Fragen Fragen zur Ausr\u00fcstung Gibt es eine Heizung an Bord Ja, es gibt eine Oel-Zentralheizung mit Heizk\u00f6rpern in allen R\u00e4umen Gibt es Trinkwasser an Bord VLINDER verf\u00fcgt \u00fcber 2500 Liter Trinkwassertanks,die k\u00f6nnen wir an vielen Liegepl\u00e4tzen wieder auff\u00fcllen [&hellip;]<\/p>\n","protected":false},"author":3,"featured_media":0,"parent":0,"menu_order":0,"comment_status":"closed","ping_status":"closed","template":"","meta":{"footnotes":""},"class_list":["post-26","page","type-page","status-publish","hentry"],"_links":{"self":[{"href":"https:\/\/www.martin-hausboot.de\/index.php?rest_route=\/wp\/v2\/pages\/26","targetHints":{"allow":["GET"]}}],"collection":[{"href":"https:\/\/www.martin-hausboot.de\/index.php?rest_route=\/wp\/v2\/pages"}],"about":[{"href":"https:\/\/www.martin-hausboot.de\/index.php?rest_route=\/wp\/v2\/types\/page"}],"author":[{"embeddable":true,"href":"https:\/\/www.martin-hausboot.de\/index.php?rest_route=\/wp\/v2\/users\/3"}],"replies":[{"embeddable":true,"href":"https:\/\/www.martin-hausboot.de\/index.php?rest_route=%2Fwp%2Fv2%2Fcomments&post=26"}],"version-history":[{"count":25,"href":"https:\/\/www.martin-hausboot.de\/index.php?rest_route=\/wp\/v2\/pages\/26\/revisions"}],"predecessor-version":[{"id":733,"href":"https:\/\/www.martin-hausboot.de\/index.php?rest_route=\/wp\/v2\/pages\/26\/revisions\/733"}],"wp:attachment":[{"href":"https:\/\/www.martin-hausboot.de\/index.php?rest_route=%2Fwp%2Fv2%2Fmedia&parent=26"}],"curies":[{"name":"wp","href":"https:\/\/api.w.org\/{rel}","templated":true}]}}