{"id":22,"date":"2024-05-16T14:54:13","date_gmt":"2024-05-16T14:54:13","guid":{"rendered":"https:\/\/www.martin-hausboot.de\/?page_id=22"},"modified":"2025-08-21T15:53:33","modified_gmt":"2025-08-21T15:53:33","slug":"der-skipper","status":"publish","type":"page","link":"https:\/\/www.martin-hausboot.de\/?page_id=22","title":{"rendered":"Martin-der Skipper"},"content":{"rendered":"\n<p>Martin ist 1958 geboren und hat schon mehr als 220.000 Seemeilen gemacht. Da liegt es nahe, dass er die meiste Zeit am, im und zuletzt vor allem auf dem Wasser verbracht hat.<br>\u201cWenn ich einmal gro\u00df bin, werde ich Kapit\u00e4n und hole Dich mit meinem Schiff ab!\u201c, k\u00fcndigte er bereits als Kindergartenjunge seiner Freundin Sabine an. Bis zum eigenen Schiff hat es aber noch eine Weile gedauert.<\/p>\n\n\n\n<p>Erste nautische Erfahrungen sammelte Martin auf seinem Surfbrett. Aber das war ihm nicht genug. An der TU Berlin machte er schon bald den Jollen-Schein. Die steile Seemannskarriere ging weiter und ehe sich Martin versah, segelte er mit der nicht ganz pflegeleichten <a href=\"http:\/\/blu-kat.de\/blukat.htm\" target=\"_blank\" rel=\"noreferrer noopener\">\u201e<\/a><a href=\"https:\/\/blukat.de\/blukat.htm\" target=\"_blank\" rel=\"noreferrer noopener\">Jenny\u201c<\/a>, einem ehemaligen alten Holz- und Ziegenfrachter, durch das Mittelmeer.<\/p>\n\n\n\n<p>Dann wurde es Zeit, alles Gelernte an andere Segelverr\u00fcckte weiterzugeben. Das Gew\u00e4sser wurde kleiner und k\u00e4lter. Am Starnberger See unterrichtete er als DSV-Segellehrer und war aktiver Teilhaber der Segelschule \u201eJOJO\u201c. Er bildete in dieser Zeit f\u00fcr die Segelscheine BR, BK und C aus und nahm f\u00fcr den DSV die Pr\u00fcfungen ab. Aus dieser Zeit hat Martin auch noch die DSV-Segellehrerlizenz A und B.<\/p>\n\n\n\n<p>Doch schon bald zog es ihn wieder ganz an das warme Mittelmeer. Sieben Jahre lang betrieb er als Eigent\u00fcmer die Wassersportstation eines 5-Sterne-Hotels auf Kreta.<br>Aber an Land wurde Martin schnell unruhig. Daher begann er 2004 mit dem Bau von \u201eblu:kat\u201c. Mit den eigenen H\u00e4nden und viel eigenem Schwei\u00df baute er den Hochseekatamaran aus Aluminium in Knickspantbauweise. 2009 lief der 19 mal 8 Meter gro\u00dfe Katamaran auf Kreta vom Stapel.<br><a href=\"https:\/\/blukat.de\/blukat\/bautagebuch.htm\" target=\"_blank\" rel=\"noreferrer noopener\">Seht euch das Bautagebuch von blu:kat an<\/a>.<\/p>\n\n\n\n<p>Nach 8 Jahren auf Weltumsegelung blickt Martin auf Segelerfahrungen in vielen Segelrevieren, wie den griechischen Inseln, Pazifik, Indischer Ozean, Nord- und Ostsee, Karibik sowie den Azoren und Kanaren bei seinen Atlantik\u00fcberquerungen zur\u00fcck und das Mittelmeer kann ihn nicht mehr halten.<br>Mit seinem neuen Hochseekatamaran der \u201e<a href=\"http:\/\/www.blu-venture.de\" target=\"_blank\" rel=\"noreferrer noopener\">VAVA-U<\/a>\u201c (18m x 8,6m) segelte er von 2016 bis 2024 <a href=\"https:\/\/www.blu-venture.de\/?page_id=2641\">auf Kurs West um die Welt<\/a>.<\/p>\n\n\n\n<p>Seit 2024 erkundet Martin mit seinem <a href=\"https:\/\/www.martin-hausboot.de\/?page_id=20\" data-type=\"page\" data-id=\"20\">Hausboot VLINDER<\/a> nun die europ\u00e4ischen Binnengew\u00e4sser. Aktuell ist er haupts\u00e4chlich auf Frankreichs idyllischen Kan\u00e4len und Fl\u00fcssen unterwegs und nimmt euch gerne ein St\u00fcck mit!<\/p>\n\n\n\n<figure class=\"wp-block-gallery has-nested-images columns-default is-cropped wp-block-gallery-1 is-layout-flex wp-block-gallery-is-layout-flex\">\n<figure class=\"wp-block-image size-large\"><img loading=\"lazy\" decoding=\"async\" width=\"965\" height=\"1024\" data-id=\"116\" src=\"https:\/\/www.martin-hausboot.de\/wp-content\/uploads\/2024\/11\/Skipper-Martin-965x1024.jpg\" alt=\"\" class=\"wp-image-116\" srcset=\"https:\/\/www.martin-hausboot.de\/wp-content\/uploads\/2024\/11\/Skipper-Martin-965x1024.jpg 965w, https:\/\/www.martin-hausboot.de\/wp-content\/uploads\/2024\/11\/Skipper-Martin-283x300.jpg 283w, https:\/\/www.martin-hausboot.de\/wp-content\/uploads\/2024\/11\/Skipper-Martin-768x815.jpg 768w, https:\/\/www.martin-hausboot.de\/wp-content\/uploads\/2024\/11\/Skipper-Martin-1447x1536.jpg 1447w, https:\/\/www.martin-hausboot.de\/wp-content\/uploads\/2024\/11\/Skipper-Martin-1930x2048.jpg 1930w\" sizes=\"auto, (max-width: 965px) 100vw, 965px\" \/><\/figure>\n<\/figure>\n\n\n\n<ul class=\"wp-block-list\">\n<li>1981-1985:<br>Fahrten in der \u00c4g\u00e4is und T\u00fcrkei mit der &#8222;<a href=\"https:\/\/blukat.de\/blukat.htm\" target=\"_blank\" rel=\"noreferrer noopener\">Jenny<\/a>&#8222;,<br>einem ehemaligen umgebauten Holz- und Ziegenfrachter<\/li>\n\n\n\n<li>1985-1988:<br>Skippert\u00e4tigkeiten im Mittelmeer<\/li>\n\n\n\n<li>1988-1994:<br>Arbeit als Segellehrer zun\u00e4chst f\u00fcr Segelschule Weiss-Blau in M\u00fcnchen und dann als Teilhaber der Segelschule JOJO in M\u00fcnchen.<\/li>\n\n\n\n<li>1995-2002:<br>Inhaber einer Wassersportstation in Rethymno auf Kreta<br>beim Hotel Creta-Pallace.<\/li>\n\n\n\n<li>2003-2009:<br>Bau eines Hochseekatamarnes auf Kreta<\/li>\n\n\n\n<li>2009 bis 2024:<br>war er auf seinen beiden Katamaranen &#8222;<a href=\"https:\/\/blukat.de\" data-type=\"link\" data-id=\"https:\/\/blukat.de\" target=\"_blank\" rel=\"noreferrer noopener\">BluKat<\/a>&#8220; und &#8222;<a href=\"http:\/\/vava-u.de\" target=\"_blank\" rel=\"noreferrer noopener\">VAVA-U<\/a>&#8220; auf den Weltmeeren unterwegs. In dieser Zeit segelte er mehr als 120.000 Meilen.<\/li>\n\n\n\n<li>seit 2024:<br>unterwegs mit <a href=\"https:\/\/blog.blu-venture.de\/category\/tagebuch-bluventure\/2024-vlinders-reisen\/\" target=\"_blank\" rel=\"noreferrer noopener\">VLINDER<\/a> auf europ\u00e4ischen Fl\u00fcssen und Kan\u00e4len<br>Mehr dazu findet ihr in meinem <a href=\"http:\/\/blog.blu-venture.de\" target=\"_blank\" rel=\"noreferrer noopener\">Blog<\/a>.<\/li>\n<\/ul>\n\n\n\n<h2 class=\"wp-block-heading\">Bef\u00e4higungsnachweise<br>f\u00fcr Segel- und Motorboote, Surfen und Wasserski<\/h2>\n\n\n\n<ul class=\"wp-block-list\">\n<li>DLRG-Leistungsabzeichen 1977<\/li>\n\n\n\n<li>Windsurfing Grundschein des VDWS von 1980<\/li>\n\n\n\n<li>Berliner Segelbootf\u00fchrerschein von 1981<\/li>\n\n\n\n<li>Sportbootf\u00fchrerschein See von 1983<\/li>\n\n\n\n<li>Sporthochseeschiffer-Zeugnis von1986<\/li>\n\n\n\n<li>DSV-BR-Schein von 1988<\/li>\n\n\n\n<li>Allgemeines Sprechfunkzeugnis Seefunk von 1988<\/li>\n\n\n\n<li>DSV-BK-Schein von1989<\/li>\n\n\n\n<li>Pr\u00fcferlaubnis BR von 1989<\/li>\n\n\n\n<li>Pr\u00fcferlaubnis A und BR von 1991<\/li>\n\n\n\n<li>Segellehrerlizenz A des DSV von 1991<\/li>\n\n\n\n<li>Segellehrerlizenz B des DSV von 1991<\/li>\n\n\n\n<li>DSV-Teilnahmebescheinigung Navigationsseminar von 1991<\/li>\n\n\n\n<li>DSV-Teilnahmebescheinigung \u201ePyro\u201c- Seminar von 1991<\/li>\n\n\n\n<li>Sportseeschiffer-Schein von 1993<\/li>\n\n\n\n<li>Sporthochseeschiffer-Schein von 1993<\/li>\n\n\n\n<li>Fach\u00fcbungsleiter Wasserski des DSB von 1995<\/li>\n\n\n\n<li>Wassersportlehrerlizenz von Eurosurf &amp; Sail von 1996<\/li>\n\n\n\n<li>Surflehrer C-Lizenz des V\u00d6WS von 1997<\/li>\n\n\n\n<li>Betriebszeugnis f\u00fcr Funker I (UKW-Seefunk) von 1999<\/li>\n\n\n\n<li>1.Hilfe Nachweis, Malterser, 2024<\/li>\n\n\n\n<li>UBI, UKW-Sprechfunk Binnen, 2024<\/li>\n\n\n\n<li>Sportschiffer-Zeugnis, Binnenschiffe bis 25m, 2024<\/li>\n<\/ul>\n\n\n\n<figure class=\"wp-block-image size-large\"><img loading=\"lazy\" decoding=\"async\" width=\"1024\" height=\"592\" src=\"https:\/\/www.martin-hausboot.de\/wp-content\/uploads\/2024\/11\/Segelscheine-MArtin-1024x592.png\" alt=\"\" class=\"wp-image-117\" srcset=\"https:\/\/www.martin-hausboot.de\/wp-content\/uploads\/2024\/11\/Segelscheine-MArtin-1024x592.png 1024w, https:\/\/www.martin-hausboot.de\/wp-content\/uploads\/2024\/11\/Segelscheine-MArtin-300x174.png 300w, https:\/\/www.martin-hausboot.de\/wp-content\/uploads\/2024\/11\/Segelscheine-MArtin-768x444.png 768w, https:\/\/www.martin-hausboot.de\/wp-content\/uploads\/2024\/11\/Segelscheine-MArtin.png 1385w\" sizes=\"auto, (max-width: 1024px) 100vw, 1024px\" \/><\/figure>\n","protected":false},"excerpt":{"rendered":"<p>Martin ist 1958 geboren und hat schon mehr als 220.000 Seemeilen gemacht. Da liegt es nahe, dass er die meiste Zeit am, im und zuletzt vor allem auf dem Wasser verbracht hat.\u201cWenn ich einmal gro\u00df bin, werde ich Kapit\u00e4n und hole Dich mit meinem Schiff ab!\u201c, k\u00fcndigte er bereits als Kindergartenjunge seiner Freundin Sabine an. [&hellip;]<\/p>\n","protected":false},"author":3,"featured_media":0,"parent":0,"menu_order":0,"comment_status":"closed","ping_status":"closed","template":"","meta":{"footnotes":""},"class_list":["post-22","page","type-page","status-publish","hentry"],"_links":{"self":[{"href":"https:\/\/www.martin-hausboot.de\/index.php?rest_route=\/wp\/v2\/pages\/22","targetHints":{"allow":["GET"]}}],"collection":[{"href":"https:\/\/www.martin-hausboot.de\/index.php?rest_route=\/wp\/v2\/pages"}],"about":[{"href":"https:\/\/www.martin-hausboot.de\/index.php?rest_route=\/wp\/v2\/types\/page"}],"author":[{"embeddable":true,"href":"https:\/\/www.martin-hausboot.de\/index.php?rest_route=\/wp\/v2\/users\/3"}],"replies":[{"embeddable":true,"href":"https:\/\/www.martin-hausboot.de\/index.php?rest_route=%2Fwp%2Fv2%2Fcomments&post=22"}],"version-history":[{"count":10,"href":"https:\/\/www.martin-hausboot.de\/index.php?rest_route=\/wp\/v2\/pages\/22\/revisions"}],"predecessor-version":[{"id":562,"href":"https:\/\/www.martin-hausboot.de\/index.php?rest_route=\/wp\/v2\/pages\/22\/revisions\/562"}],"wp:attachment":[{"href":"https:\/\/www.martin-hausboot.de\/index.php?rest_route=%2Fwp%2Fv2%2Fmedia&parent=22"}],"curies":[{"name":"wp","href":"https:\/\/api.w.org\/{rel}","templated":true}]}}