{"id":215,"date":"2024-11-29T16:02:05","date_gmt":"2024-11-29T16:02:05","guid":{"rendered":"https:\/\/www.martin-hausboot.de\/?page_id=215"},"modified":"2024-12-27T11:44:43","modified_gmt":"2024-12-27T11:44:43","slug":"basel-rheinfelden-nach-strasbourg","status":"publish","type":"page","link":"https:\/\/www.martin-hausboot.de\/?page_id=215","title":{"rendered":"Basel\/Rheinfelden nach Strasbourg"},"content":{"rendered":"\n<h2 class=\"wp-block-heading\">3. Juni &#8211; 1. Juli 2025<\/h2>\n\n\n\n<h3 class=\"wp-block-heading\">Das Ein- und Ausstiegsdatum sowie die Aufenthaltsdauer w\u00e4hrend der Etappe sind flexibel buchbar.<\/h3>\n\n\n\n<figure class=\"wp-block-gallery has-nested-images columns-default is-cropped wp-block-gallery-1 is-layout-flex wp-block-gallery-is-layout-flex\">\n<figure class=\"wp-block-image size-large\"><img loading=\"lazy\" decoding=\"async\" width=\"768\" height=\"1024\" data-id=\"173\" src=\"https:\/\/www.martin-hausboot.de\/wp-content\/uploads\/2024\/11\/Basel-Strasbourg-768x1024.jpg\" alt=\"\" class=\"wp-image-173\" srcset=\"https:\/\/www.martin-hausboot.de\/wp-content\/uploads\/2024\/11\/Basel-Strasbourg-768x1024.jpg 768w, https:\/\/www.martin-hausboot.de\/wp-content\/uploads\/2024\/11\/Basel-Strasbourg-225x300.jpg 225w, https:\/\/www.martin-hausboot.de\/wp-content\/uploads\/2024\/11\/Basel-Strasbourg-1152x1536.jpg 1152w, https:\/\/www.martin-hausboot.de\/wp-content\/uploads\/2024\/11\/Basel-Strasbourg-1536x2048.jpg 1536w, https:\/\/www.martin-hausboot.de\/wp-content\/uploads\/2024\/11\/Basel-Strasbourg-scaled.jpg 1920w\" sizes=\"auto, (max-width: 768px) 100vw, 768px\" \/><\/figure>\n<\/figure>\n\n\n\n<p>Hier tuckert <strong>VLINDER <\/strong>von <strong>Rheinfelden<\/strong> und <strong>Basel<\/strong> mit einem Abstecher bei <strong>Colmar<\/strong> weiter bis nach <strong>Stra\u00dfburg<\/strong> durch eine der sch\u00f6nsten Regionen Europas \u2013 das Elsass und den S\u00fcdwesten Deutschlands, entlang des Rheins und seiner Kan\u00e4le. Diese Strecke kombiniert atemberaubende Flusslandschaften, charmante D\u00f6rfer und St\u00e4dte sowie faszinierende historische Sehensw\u00fcrdigkeiten. <\/p>\n\n\n\n<p><strong>Rheinfelden<\/strong><br>liegt direkt am Rhein und ist eine Zwillingsstadt, die sich \u00fcber die Grenze zwischen Deutschland und der Schweiz erstreckt. Die Stadt hat zwei Teile: Rheinfelden (Deutschland) und Rheinfelden (Schweiz).<\/p>\n\n\n\n<ul class=\"wp-block-list\">\n<li><strong>Rheinfelder Altstadt (Deutschland)<\/strong>: Mit ihrem historischen Zentrum, das von Fachwerkh\u00e4usern und engen Gassen gepr\u00e4gt ist. Der <strong>Marktplatz<\/strong> und das <strong>Rathaus<\/strong> sind beliebte Ziele f\u00fcr Spazierg\u00e4nge.<\/li>\n\n\n\n<li><strong>Hochrheinbr\u00fccke<\/strong>: Diese Br\u00fccke verbindet die beiden Teile von Rheinfelden und bietet einen sch\u00f6nen Blick auf den Rhein.<\/li>\n\n\n\n<li><strong>Schweizer Seite von Rheinfelden<\/strong>: Ein ruhiger und malerischer Teil der Stadt mit sch\u00f6nen Promenaden entlang des Rheins.<\/li>\n<\/ul>\n\n\n\n<p>Von Rheinfelden aus f\u00e4hrt <strong>VLINDER <\/strong>auf dem <strong>Rhein<\/strong>, vorbei an den sch\u00f6nen Ufern des Hochrheins, und weiter in Richtung Basel.<\/p>\n\n\n\n<p><strong>Basel<\/strong><br>ist eine bedeutende Kulturstadt, die sowohl f\u00fcr ihre Kunstszene als auch f\u00fcr ihre historische Architektur bekannt ist. Basel liegt an der Grenze zwischen der Schweiz, Frankreich und Deutschland und ist ein idealer Zwischenstopp auf der Reise.<\/p>\n\n\n\n<ul class=\"wp-block-list\">\n<li><strong>Altstadt von Basel<\/strong>: Die Altstadt von Basel ist gepr\u00e4gt von engen Gassen, historischen Geb\u00e4uden und beeindruckenden Pl\u00e4tzen wie dem Marktplatz.<\/li>\n\n\n\n<li><strong>Basler M\u00fcnster<\/strong>: Eine imposante gotische Kathedrale, die einen herrlichen Blick auf den Rhein bietet.<\/li>\n\n\n\n<li><strong>Tinguely-Museum<\/strong>: Ein faszinierendes Museum, das dem Schweizer K\u00fcnstler Jean Tinguely gewidmet ist und seine kinetischen Kunstwerke zeigt.<\/li>\n\n\n\n<li><strong>Kunstmuseum Basel<\/strong>: Eines der \u00e4ltesten Kunstmuseen der Welt, mit einer umfangreichen Sammlung von Gem\u00e4lden und Skulpturen von der Renaissance bis zur Gegenwart.<\/li>\n<\/ul>\n\n\n\n<p>Nach Basel fahren wir weiter auf dem <strong>Rhein<\/strong> in Richtung Frankreich, bis zum Stichkanal nach <strong>Colmar<\/strong>.<\/p>\n\n\n\n<p><strong>Colmar<\/strong><br>ist eine der malerischsten St\u00e4dte im Elsass und ist bekannt f\u00fcr ihre gut erhaltene Altstadt mit bunten Fachwerkh\u00e4usern und romantischen Kan\u00e4len. Der Abstecher nach Colmar erfolgt \u00fcber den Canal du Rh\u00f4ne au Rhin.<\/p>\n\n\n\n<ul class=\"wp-block-list\">\n<li><strong>La Petite Venise<\/strong>: Ein wundersch\u00f6nes Viertel, das von Kan\u00e4len durchzogen ist und an Venedig erinnert. Hier k\u00f6nnen wir mit auf einem Boot die charmanten, bunten H\u00e4user entlang der Kan\u00e4le bestaunen.<\/li>\n\n\n\n<li><strong>Unterlinden Museum<\/strong>: Ein Museum, das in einem ehemaligen Kloster untergebracht ist und Werke aus dem Mittelalter sowie Kunst aus der Renaissance und dem <br>19. Jahrhundert beherbergt.<\/li>\n\n\n\n<li><strong>Kohlmanns Haus<\/strong>: Ein weiteres faszinierendes Fachwerkhaus, das in der Altstadt von Colmar steht und f\u00fcr seine Malereien bekannt ist.<\/li>\n\n\n\n<li><strong>Saint-Martin-Kirche<\/strong>: Eine beeindruckende gotische Kirche mit einem sch\u00f6nen Inneren, das die Geschichte der Region widerspiegelt.<\/li>\n<\/ul>\n\n\n\n<p>Der Abstecher nach Colmar dauert je nach Fahrtzeit etwa zwei\/drei Tage. Danach geht es zur\u00fcck auf den <strong>Canal du Rh\u00f4ne au Rhin<\/strong>.<\/p>\n\n\n\n<p><strong>Weiterfahrt nach Stra\u00dfburg<\/strong><\/p>\n\n\n\n<ul class=\"wp-block-list\">\n<li>Nach Colmar f\u00fchrt die Route weiter auf dem <strong>Canal du Rh\u00f4ne au Rhin<\/strong>, und es sind noch etwa 70 km bis <strong>Stra\u00dfburg<\/strong>.<\/li>\n\n\n\n<li>Auf dem Weg nach Stra\u00dfburg durchquer <strong>VLINDER <\/strong>mehrere kleine D\u00f6rfer und charmante St\u00e4dte des Elsass, die eine Pause wert sind.<\/li>\n<\/ul>\n\n\n\n<p><strong>Stra\u00dfburg<\/strong><br>ist das Etappenziel und eine der sch\u00f6nsten St\u00e4dte in Europa. Es ist bekannt f\u00fcr seine beeindruckende Architektur, seine historische Altstadt und als Sitz des Europ\u00e4ischen Parlaments.<\/p>\n\n\n\n<ul class=\"wp-block-list\">\n<li><strong>Stra\u00dfburger M\u00fcnster<\/strong>: Ein atemberaubendes gotisches Meisterwerk, das mit seiner hohen Turmspitze und der Astronomischen Uhr beeindruckt.<\/li>\n\n\n\n<li><strong>La Petite France<\/strong>: Ein malerisches Viertel mit Fachwerkh\u00e4usern, Kopfsteinpflasterstra\u00dfen und Kan\u00e4len. Es ist eines der bekanntesten Wahrzeichen Stra\u00dfburgs.<\/li>\n\n\n\n<li><strong>Europ\u00e4isches Parlament<\/strong>: Stra\u00dfburg ist Sitz des Europ\u00e4ischen Parlaments. Das moderne Geb\u00e4ude ist ein symboltr\u00e4chtiger Ort f\u00fcr europ\u00e4ische Politik.<\/li>\n\n\n\n<li><strong>Mus\u00e9e Alsacien<\/strong>: Ein Museum, das die Kultur und Traditionen des Elsass zeigt, von Trachten \u00fcber Handwerkskunst bis zu regionaler K\u00fcche.<\/li>\n\n\n\n<li><strong>Parc de l&#8217;Orangerie<\/strong>: Ein sch\u00f6ner Park in der N\u00e4he des Europaparlaments, ideal f\u00fcr einen ruhigen Spaziergang.<\/li>\n<\/ul>\n\n\n\n<p><strong>Zusammenfassung<\/strong><\/p>\n\n\n\n<ul class=\"wp-block-list\">\n<li><strong>Streckenl\u00e4nge<\/strong>: Die Strecke von <strong>Rheinfelden<\/strong> bis <strong>Stra\u00dfburg<\/strong> umfasst etwa 160 km, einschlie\u00dflich des Abstechers nach <strong>Colmar<\/strong>. F\u00fcr diese Etappe haben wir knapp 30 Tage eingeplant um gen\u00fcgend Zeit f\u00fcr Pausen und Erkundungen entlang des Weges zu haben.<\/li>\n\n\n\n<li><strong>Wasserwege<\/strong>: Die Route verl\u00e4uft auf dem <strong>Rhein<\/strong>, dem <strong>Canal du Rh\u00f4ne au Rhin<\/strong> und mehreren Kan\u00e4len, die das Elsass durchziehen.<\/li>\n\n\n\n<li><strong>Landschaft und Natur<\/strong>: Die Fahrt f\u00fchrt entlang des malerischen Hochrheins, durch den Rhein-Rh\u00f4ne-Kanal und den Els\u00e4sser Kanal, vorbei an charmanten D\u00f6rfern, Weinbergen und einer abwechslungsreichen Landschaft. Die Natur des Elsass ist reich an gr\u00fcnen H\u00fcgeln und Flussl\u00e4ufen, was die Reise besonders entspannend und abwechslungsreich macht.<\/li>\n<\/ul>\n\n\n\n<p>An Bord von VLINDER ist dies eine fantastische M\u00f6glichkeit, das Elsass und Teile des s\u00fcdwestlichen Deutschland in einer entspannten Atmosph\u00e4re zu erleben, mit einer einzigartigen Mischung aus Natur, Kultur und Geschichte. Von den charmanten St\u00e4dten wie <strong>Rheinfelden<\/strong> und <strong>Colmar<\/strong> bis hin zu den historischen und modernen Sehensw\u00fcrdigkeiten von <strong>Stra\u00dfburg<\/strong> ist diese Route ein wahres Juwel um Frankreich und die Schweiz vom Wasser aus entdecken zu k\u00f6nnen.<\/p>\n\n\n\n<p><a href=\"https:\/\/www.martin-hausboot.de\/?page_id=24\"><em>Zur\u00fcck<\/em><\/a><\/p>\n","protected":false},"excerpt":{"rendered":"<p>3. Juni &#8211; 1. Juli 2025 Das Ein- und Ausstiegsdatum sowie die Aufenthaltsdauer w\u00e4hrend der Etappe sind flexibel buchbar. Hier tuckert VLINDER von Rheinfelden und Basel mit einem Abstecher bei Colmar weiter bis nach Stra\u00dfburg durch eine der sch\u00f6nsten Regionen Europas \u2013 das Elsass und den S\u00fcdwesten Deutschlands, entlang des Rheins und seiner Kan\u00e4le. Diese [&hellip;]<\/p>\n","protected":false},"author":2,"featured_media":0,"parent":0,"menu_order":0,"comment_status":"closed","ping_status":"closed","template":"","meta":{"footnotes":""},"class_list":["post-215","page","type-page","status-publish","hentry"],"_links":{"self":[{"href":"https:\/\/www.martin-hausboot.de\/index.php?rest_route=\/wp\/v2\/pages\/215","targetHints":{"allow":["GET"]}}],"collection":[{"href":"https:\/\/www.martin-hausboot.de\/index.php?rest_route=\/wp\/v2\/pages"}],"about":[{"href":"https:\/\/www.martin-hausboot.de\/index.php?rest_route=\/wp\/v2\/types\/page"}],"author":[{"embeddable":true,"href":"https:\/\/www.martin-hausboot.de\/index.php?rest_route=\/wp\/v2\/users\/2"}],"replies":[{"embeddable":true,"href":"https:\/\/www.martin-hausboot.de\/index.php?rest_route=%2Fwp%2Fv2%2Fcomments&post=215"}],"version-history":[{"count":4,"href":"https:\/\/www.martin-hausboot.de\/index.php?rest_route=\/wp\/v2\/pages\/215\/revisions"}],"predecessor-version":[{"id":511,"href":"https:\/\/www.martin-hausboot.de\/index.php?rest_route=\/wp\/v2\/pages\/215\/revisions\/511"}],"wp:attachment":[{"href":"https:\/\/www.martin-hausboot.de\/index.php?rest_route=%2Fwp%2Fv2%2Fmedia&parent=215"}],"curies":[{"name":"wp","href":"https:\/\/api.w.org\/{rel}","templated":true}]}}