{"id":12,"date":"2024-05-16T14:49:19","date_gmt":"2024-05-16T14:49:19","guid":{"rendered":"https:\/\/www.martin-hausboot.de\/?page_id=12"},"modified":"2024-12-01T12:41:11","modified_gmt":"2024-12-01T12:41:11","slug":"impressum","status":"publish","type":"page","link":"https:\/\/www.martin-hausboot.de\/?page_id=12","title":{"rendered":"Impressum"},"content":{"rendered":"\n<p>Verantwortlich<\/p>\n\n\n\n<p>Martin Ranft<br>Karl-Steinhauser-Stra\u00dfe 1A<br>82278 Althegnenberg<\/p>\n\n\n\n<p>Kontakt<\/p>\n\n\n\n<p class=\"has-black-color has-text-color has-link-color wp-elements-d09ada02678b0a4b93375d6e6dad95c5\">Telefon: +49 (0) 176 2239 7943<br>E-Mail: <a href=\"mailto:info@martin-hausboot.de\">martin@martin-hausboot.de<\/a><\/p>\n\n\n\n<p>Redaktionell verantwortlich<\/p>\n\n\n\n<p>Martin Ranft<br>Karl-Steinhauser-Stra\u00dfe 1A<br>82278 Althegnenberg<\/p>\n\n\n\n<p>EU-Streitschlichtung<\/p>\n\n\n\n<p>Die Europ\u00e4ische Kommission stellt eine Plattform zur Online-Streitbeilegung (OS) bereit:<br>https:\/\/ec.europa.eu\/consumers\/odr\/.<br>Unsere E-Mail-Adresse finden Sie oben im Impressum.<\/p>\n\n\n\n<p>Verbraucherstreitbeilegung\/Universalschlichtungsstelle<\/p>\n\n\n\n<p>Wir nehmen an einem Streitbeilegungsverfahren vor einer Verbraucherschlichtungsstelle teil. Zust\u00e4ndig ist die Universalschlichtungsstelle des Zentrums f\u00fcr Schlichtung e.V., Stra\u00dfburger Stra\u00dfe 8, 77694 Kehl am Rhein (https:\/\/www.verbraucher-schlichter.de).<\/p>\n\n\n\n<p>Quelle:<br>e-recht24.de<\/p>\n","protected":false},"excerpt":{"rendered":"<p>Verantwortlich Martin RanftKarl-Steinhauser-Stra\u00dfe 1A82278 Althegnenberg Kontakt Telefon: +49 (0) 176 2239 7943E-Mail: martin@martin-hausboot.de Redaktionell verantwortlich Martin RanftKarl-Steinhauser-Stra\u00dfe 1A82278 Althegnenberg EU-Streitschlichtung Die Europ\u00e4ische Kommission stellt eine Plattform zur Online-Streitbeilegung (OS) bereit:https:\/\/ec.europa.eu\/consumers\/odr\/.Unsere E-Mail-Adresse finden Sie oben im Impressum. Verbraucherstreitbeilegung\/Universalschlichtungsstelle Wir nehmen an einem Streitbeilegungsverfahren vor einer Verbraucherschlichtungsstelle teil. Zust\u00e4ndig ist die Universalschlichtungsstelle des Zentrums f\u00fcr Schlichtung e.V., [&hellip;]<\/p>\n","protected":false},"author":3,"featured_media":0,"parent":0,"menu_order":0,"comment_status":"closed","ping_status":"closed","template":"","meta":{"footnotes":""},"class_list":["post-12","page","type-page","status-publish","hentry"],"_links":{"self":[{"href":"https:\/\/www.martin-hausboot.de\/index.php?rest_route=\/wp\/v2\/pages\/12","targetHints":{"allow":["GET"]}}],"collection":[{"href":"https:\/\/www.martin-hausboot.de\/index.php?rest_route=\/wp\/v2\/pages"}],"about":[{"href":"https:\/\/www.martin-hausboot.de\/index.php?rest_route=\/wp\/v2\/types\/page"}],"author":[{"embeddable":true,"href":"https:\/\/www.martin-hausboot.de\/index.php?rest_route=\/wp\/v2\/users\/3"}],"replies":[{"embeddable":true,"href":"https:\/\/www.martin-hausboot.de\/index.php?rest_route=%2Fwp%2Fv2%2Fcomments&post=12"}],"version-history":[{"count":5,"href":"https:\/\/www.martin-hausboot.de\/index.php?rest_route=\/wp\/v2\/pages\/12\/revisions"}],"predecessor-version":[{"id":307,"href":"https:\/\/www.martin-hausboot.de\/index.php?rest_route=\/wp\/v2\/pages\/12\/revisions\/307"}],"wp:attachment":[{"href":"https:\/\/www.martin-hausboot.de\/index.php?rest_route=%2Fwp%2Fv2%2Fmedia&parent=12"}],"curies":[{"name":"wp","href":"https:\/\/api.w.org\/{rel}","templated":true}]}}